{"id":1532,"date":"2023-01-24T17:39:23","date_gmt":"2023-01-24T17:39:23","guid":{"rendered":"https:\/\/ton.connectingminds.net\/product\/wk-veld-louisville\/"},"modified":"2026-01-28T12:04:25","modified_gmt":"2026-01-28T11:04:25","slug":"wk-feld-louisville","status":"publish","type":"product","link":"https:\/\/ton.connectingminds.net\/de\/retro-wielershirt\/wk-veld-louisville\/","title":{"rendered":"BELGIEN (k) RADJACKE DER NATIONALMANNSCHAFT CYCLOCROSS Weltmeisterschaft LOUISVILLE 2013"},"content":{"rendered":"<p>Habe eine Jacke von Bart Aernouts erhalten.<\/p>\n<p>Sven Nijs wurde 2013 im amerikanischen Louisville Cyclocross-Weltmeister.<\/p>\n<p>Aufgrund eines zu erwartenden Hochwasserstandes (aufgrund starker Regenf\u00e4lle) am Sonntag w\u00fcrde in der Nacht von Samstag auf Sonntag ein gro\u00dfer Teil der Strecke \u00fcberschwemmt.<\/p>\n<p>Daher fanden alle Spiele samstags statt.<\/p>","protected":false},"excerpt":{"rendered":"<p>Habe eine Jacke von Bart Aernouts erhalten. Sven Nijs wurde 2013 im amerikanischen Louisville Cyclocross-Weltmeister. Aufgrund eines zu erwartenden Hochwasserstandes (aufgrund starker Regenf\u00e4lle) am Sonntag w\u00fcrde in der Nacht von Samstag auf Sonntag ein gro\u00dfer Teil der Strecke \u00fcberschwemmt. Daher fanden alle Spiele samstags statt.<\/p>","protected":false},"featured_media":1531,"template":"","meta":[],"product_brand":[],"product_cat":[1372],"product_tag":[],"class_list":{"0":"post-1532","1":"product","2":"type-product","3":"status-publish","4":"has-post-thumbnail","6":"product_cat-nationale-teams","8":"first","9":"onbackorder","10":"taxable","11":"shipping-taxable","12":"purchasable","13":"product-type-variable"},"yoast_head":"<!-- This site is optimized with the Yoast SEO plugin v27.3 - https:\/\/yoast.com\/product\/yoast-seo-wordpress\/ -->\n<title>BELGIE (k) NATIONALE PLOEG  WK CYCLOCROSS LOUISVILLE  2013    WIELERJACK - Ton Merckx Wielershirts - Rondreis door de wereld van wielershirts<\/title>\n<meta name=\"robots\" content=\"index, follow, max-snippet:-1, max-image-preview:large, max-video-preview:-1\" \/>\n<link rel=\"canonical\" href=\"https:\/\/ton.connectingminds.net\/de\/retro-radtrikot\/wk-feld-louisville\/\" \/>\n<meta property=\"og:locale\" content=\"de_DE\" \/>\n<meta property=\"og:type\" content=\"article\" \/>\n<meta property=\"og:title\" content=\"BELGIE (k) NATIONALE PLOEG  WK CYCLOCROSS LOUISVILLE  2013    WIELERJACK - Ton Merckx Wielershirts - Rondreis door de wereld van wielershirts\" \/>\n<meta property=\"og:description\" content=\"Jack gekregen van Bart Aernouts. Sven Nijs werd in 2013 Wereldkampioen Cyclocross in het Amerikaanse Louisville. Door een verwachte hoogwaterstand (ivm hevige regenval) op zondag zou een groot gedeelte van het parcours in de nacht van Zaterdag op Zondag overstromen. Daardoor werden alle wedstrijden op zaterdag verreden.\" \/>\n<meta property=\"og:url\" content=\"https:\/\/ton.connectingminds.net\/de\/retro-radtrikot\/wk-feld-louisville\/\" \/>\n<meta property=\"og:site_name\" content=\"Ton Merckx Wielershirts - Rondreis door de wereld van wielershirts\" \/>\n<meta property=\"article:modified_time\" content=\"2026-01-28T11:04:25+00:00\" \/>\n<meta property=\"og:image\" content=\"https:\/\/ton.connectingminds.net\/wp-content\/uploads\/2023\/01\/SSA45129.jpg\" \/>\n\t<meta property=\"og:image:width\" content=\"1704\" \/>\n\t<meta property=\"og:image:height\" content=\"2272\" \/>\n\t<meta property=\"og:image:type\" content=\"image\/jpeg\" \/>\n<meta name=\"twitter:card\" content=\"summary_large_image\" \/>\n<meta name=\"twitter:label1\" content=\"Gesch\u00e4tzte Lesezeit\" \/>\n\t<meta name=\"twitter:data1\" content=\"1\u00a0Minute\" \/>\n<script type=\"application\/ld+json\" class=\"yoast-schema-graph\">{\"@context\":\"https:\\\/\\\/schema.org\",\"@graph\":[{\"@type\":\"WebPage\",\"@id\":\"https:\\\/\\\/ton.connectingminds.net\\\/retro-wielershirt\\\/wk-veld-louisville\\\/\",\"url\":\"https:\\\/\\\/ton.connectingminds.net\\\/retro-wielershirt\\\/wk-veld-louisville\\\/\",\"name\":\"BELGIE (k) NATIONALE PLOEG WK CYCLOCROSS LOUISVILLE 2013 WIELERJACK - Ton Merckx Wielershirts - Rondreis door de wereld van wielershirts\",\"isPartOf\":{\"@id\":\"https:\\\/\\\/tonmerckxwielershirts.nl\\\/es\\\/#website\"},\"primaryImageOfPage\":{\"@id\":\"https:\\\/\\\/ton.connectingminds.net\\\/retro-wielershirt\\\/wk-veld-louisville\\\/#primaryimage\"},\"image\":{\"@id\":\"https:\\\/\\\/ton.connectingminds.net\\\/retro-wielershirt\\\/wk-veld-louisville\\\/#primaryimage\"},\"thumbnailUrl\":\"https:\\\/\\\/ton.connectingminds.net\\\/wp-content\\\/uploads\\\/2023\\\/01\\\/SSA45129.jpg\",\"datePublished\":\"2023-01-24T17:39:23+00:00\",\"dateModified\":\"2026-01-28T11:04:25+00:00\",\"breadcrumb\":{\"@id\":\"https:\\\/\\\/ton.connectingminds.net\\\/retro-wielershirt\\\/wk-veld-louisville\\\/#breadcrumb\"},\"inLanguage\":\"de\",\"potentialAction\":[{\"@type\":\"ReadAction\",\"target\":[\"https:\\\/\\\/ton.connectingminds.net\\\/retro-wielershirt\\\/wk-veld-louisville\\\/\"]}]},{\"@type\":\"ImageObject\",\"inLanguage\":\"de\",\"@id\":\"https:\\\/\\\/ton.connectingminds.net\\\/retro-wielershirt\\\/wk-veld-louisville\\\/#primaryimage\",\"url\":\"https:\\\/\\\/ton.connectingminds.net\\\/wp-content\\\/uploads\\\/2023\\\/01\\\/SSA45129.jpg\",\"contentUrl\":\"https:\\\/\\\/ton.connectingminds.net\\\/wp-content\\\/uploads\\\/2023\\\/01\\\/SSA45129.jpg\",\"width\":1704,\"height\":2272},{\"@type\":\"BreadcrumbList\",\"@id\":\"https:\\\/\\\/ton.connectingminds.net\\\/retro-wielershirt\\\/wk-veld-louisville\\\/#breadcrumb\",\"itemListElement\":[{\"@type\":\"ListItem\",\"position\":1,\"name\":\"Home\",\"item\":\"https:\\\/\\\/tonmerckxwielershirts.nl\\\/es\\\/\"},{\"@type\":\"ListItem\",\"position\":2,\"name\":\"Retro wielershirts\",\"item\":\"https:\\\/\\\/tonmerckxwielershirts.nl\\\/es\\\/camisetas-de-ciclismo-retro\\\/\"},{\"@type\":\"ListItem\",\"position\":3,\"name\":\"BELGIE (k) NATIONALE PLOEG WK CYCLOCROSS LOUISVILLE 2013 WIELERJACK\"}]},{\"@type\":\"WebSite\",\"@id\":\"https:\\\/\\\/tonmerckxwielershirts.nl\\\/es\\\/#website\",\"url\":\"https:\\\/\\\/tonmerckxwielershirts.nl\\\/es\\\/\",\"name\":\"Ton Merckx Wielershirts - Rondreis door de wereld van wielershirts\",\"description\":\"thousands of original cycling jerseys - order your replica!\",\"publisher\":{\"@id\":\"https:\\\/\\\/tonmerckxwielershirts.nl\\\/es\\\/#organization\"},\"potentialAction\":[{\"@type\":\"SearchAction\",\"target\":{\"@type\":\"EntryPoint\",\"urlTemplate\":\"https:\\\/\\\/tonmerckxwielershirts.nl\\\/es\\\/?s={search_term_string}\"},\"query-input\":{\"@type\":\"PropertyValueSpecification\",\"valueRequired\":true,\"valueName\":\"search_term_string\"}}],\"inLanguage\":\"de\"},{\"@type\":\"Organization\",\"@id\":\"https:\\\/\\\/tonmerckxwielershirts.nl\\\/es\\\/#organization\",\"name\":\"Ton Merckx Wielershirts - Rondreis door de wereld van wielershirts\",\"url\":\"https:\\\/\\\/tonmerckxwielershirts.nl\\\/es\\\/\",\"logo\":{\"@type\":\"ImageObject\",\"inLanguage\":\"de\",\"@id\":\"https:\\\/\\\/tonmerckxwielershirts.nl\\\/es\\\/#\\\/schema\\\/logo\\\/image\\\/\",\"url\":\"https:\\\/\\\/ton.connectingminds.net\\\/wp-content\\\/uploads\\\/2023\\\/03\\\/ton-merckx-logo.jpg\",\"contentUrl\":\"https:\\\/\\\/ton.connectingminds.net\\\/wp-content\\\/uploads\\\/2023\\\/03\\\/ton-merckx-logo.jpg\",\"width\":391,\"height\":57,\"caption\":\"Ton Merckx Wielershirts - Rondreis door de wereld van wielershirts\"},\"image\":{\"@id\":\"https:\\\/\\\/tonmerckxwielershirts.nl\\\/es\\\/#\\\/schema\\\/logo\\\/image\\\/\"}}]}<\/script>\n<!-- \/ Yoast SEO plugin. -->","yoast_head_json":{"title":"BELGIEN (k) NATIONALMANNSCHAFT CYCLOCROSS World Cup LOUISVILLE 2013 RADJACKE \u2013 Ton Merckx Radtrikots \u2013 Tour durch die Welt der Radtrikots","robots":{"index":"index","follow":"follow","max-snippet":"max-snippet:-1","max-image-preview":"max-image-preview:large","max-video-preview":"max-video-preview:-1"},"canonical":"https:\/\/ton.connectingminds.net\/de\/retro-radtrikot\/wk-feld-louisville\/","og_locale":"de_DE","og_type":"article","og_title":"BELGIE (k) NATIONALE PLOEG  WK CYCLOCROSS LOUISVILLE  2013    WIELERJACK - Ton Merckx Wielershirts - Rondreis door de wereld van wielershirts","og_description":"Jack gekregen van Bart Aernouts. Sven Nijs werd in 2013 Wereldkampioen Cyclocross in het Amerikaanse Louisville. Door een verwachte hoogwaterstand (ivm hevige regenval) op zondag zou een groot gedeelte van het parcours in de nacht van Zaterdag op Zondag overstromen. Daardoor werden alle wedstrijden op zaterdag verreden.","og_url":"https:\/\/ton.connectingminds.net\/de\/retro-radtrikot\/wk-feld-louisville\/","og_site_name":"Ton Merckx Wielershirts - Rondreis door de wereld van wielershirts","article_modified_time":"2026-01-28T11:04:25+00:00","og_image":[{"width":1704,"height":2272,"url":"https:\/\/ton.connectingminds.net\/wp-content\/uploads\/2023\/01\/SSA45129.jpg","type":"image\/jpeg"}],"twitter_card":"summary_large_image","twitter_misc":{"Gesch\u00e4tzte Lesezeit":"1\u00a0Minute"},"schema":{"@context":"https:\/\/schema.org","@graph":[{"@type":"WebPage","@id":"https:\/\/ton.connectingminds.net\/retro-wielershirt\/wk-veld-louisville\/","url":"https:\/\/ton.connectingminds.net\/retro-wielershirt\/wk-veld-louisville\/","name":"BELGIEN (k) NATIONALMANNSCHAFT CYCLOCROSS World Cup LOUISVILLE 2013 RADJACKE \u2013 Ton Merckx Radtrikots \u2013 Tour durch die Welt der Radtrikots","isPartOf":{"@id":"https:\/\/tonmerckxwielershirts.nl\/es\/#website"},"primaryImageOfPage":{"@id":"https:\/\/ton.connectingminds.net\/retro-wielershirt\/wk-veld-louisville\/#primaryimage"},"image":{"@id":"https:\/\/ton.connectingminds.net\/retro-wielershirt\/wk-veld-louisville\/#primaryimage"},"thumbnailUrl":"https:\/\/ton.connectingminds.net\/wp-content\/uploads\/2023\/01\/SSA45129.jpg","datePublished":"2023-01-24T17:39:23+00:00","dateModified":"2026-01-28T11:04:25+00:00","breadcrumb":{"@id":"https:\/\/ton.connectingminds.net\/retro-wielershirt\/wk-veld-louisville\/#breadcrumb"},"inLanguage":"de","potentialAction":[{"@type":"ReadAction","target":["https:\/\/ton.connectingminds.net\/retro-wielershirt\/wk-veld-louisville\/"]}]},{"@type":"ImageObject","inLanguage":"de","@id":"https:\/\/ton.connectingminds.net\/retro-wielershirt\/wk-veld-louisville\/#primaryimage","url":"https:\/\/ton.connectingminds.net\/wp-content\/uploads\/2023\/01\/SSA45129.jpg","contentUrl":"https:\/\/ton.connectingminds.net\/wp-content\/uploads\/2023\/01\/SSA45129.jpg","width":1704,"height":2272},{"@type":"BreadcrumbList","@id":"https:\/\/ton.connectingminds.net\/retro-wielershirt\/wk-veld-louisville\/#breadcrumb","itemListElement":[{"@type":"ListItem","position":1,"name":"Home","item":"https:\/\/tonmerckxwielershirts.nl\/es\/"},{"@type":"ListItem","position":2,"name":"Retro wielershirts","item":"https:\/\/tonmerckxwielershirts.nl\/es\/camisetas-de-ciclismo-retro\/"},{"@type":"ListItem","position":3,"name":"BELGIE (k) NATIONALE PLOEG WK CYCLOCROSS LOUISVILLE 2013 WIELERJACK"}]},{"@type":"WebSite","@id":"https:\/\/tonmerckxwielershirts.nl\/es\/#website","url":"https:\/\/tonmerckxwielershirts.nl\/es\/","name":"Ton Merckx Radsport-Shirts \u2013 Tour durch die Welt der Radsport-Shirts","description":"Tausende originale Radtrikots \u2013 bestellen Sie Ihr Replikat!","publisher":{"@id":"https:\/\/tonmerckxwielershirts.nl\/es\/#organization"},"potentialAction":[{"@type":"SearchAction","target":{"@type":"EntryPoint","urlTemplate":"https:\/\/tonmerckxwielershirts.nl\/es\/?s={search_term_string}"},"query-input":{"@type":"PropertyValueSpecification","valueRequired":true,"valueName":"search_term_string"}}],"inLanguage":"de"},{"@type":"Organization","@id":"https:\/\/tonmerckxwielershirts.nl\/es\/#organization","name":"Ton Merckx Radsport-Shirts \u2013 Tour durch die Welt der Radsport-Shirts","url":"https:\/\/tonmerckxwielershirts.nl\/es\/","logo":{"@type":"ImageObject","inLanguage":"de","@id":"https:\/\/tonmerckxwielershirts.nl\/es\/#\/schema\/logo\/image\/","url":"https:\/\/ton.connectingminds.net\/wp-content\/uploads\/2023\/03\/ton-merckx-logo.jpg","contentUrl":"https:\/\/ton.connectingminds.net\/wp-content\/uploads\/2023\/03\/ton-merckx-logo.jpg","width":391,"height":57,"caption":"Ton Merckx Wielershirts - Rondreis door de wereld van wielershirts"},"image":{"@id":"https:\/\/tonmerckxwielershirts.nl\/es\/#\/schema\/logo\/image\/"}}]}},"_links":{"self":[{"href":"https:\/\/ton.connectingminds.net\/de\/wp-json\/wp\/v2\/product\/1532","targetHints":{"allow":["GET"]}}],"collection":[{"href":"https:\/\/ton.connectingminds.net\/de\/wp-json\/wp\/v2\/product"}],"about":[{"href":"https:\/\/ton.connectingminds.net\/de\/wp-json\/wp\/v2\/types\/product"}],"wp:featuredmedia":[{"embeddable":true,"href":"https:\/\/ton.connectingminds.net\/de\/wp-json\/wp\/v2\/media\/1531"}],"wp:attachment":[{"href":"https:\/\/ton.connectingminds.net\/de\/wp-json\/wp\/v2\/media?parent=1532"}],"wp:term":[{"taxonomy":"product_brand","embeddable":true,"href":"https:\/\/ton.connectingminds.net\/de\/wp-json\/wp\/v2\/product_brand?post=1532"},{"taxonomy":"product_cat","embeddable":true,"href":"https:\/\/ton.connectingminds.net\/de\/wp-json\/wp\/v2\/product_cat?post=1532"},{"taxonomy":"product_tag","embeddable":true,"href":"https:\/\/ton.connectingminds.net\/de\/wp-json\/wp\/v2\/product_tag?post=1532"}],"curies":[{"name":"wp","href":"https:\/\/api.w.org\/{rel}","templated":true}]}}