{"id":2905,"date":"2023-01-24T17:56:05","date_gmt":"2023-01-24T17:56:05","guid":{"rendered":"https:\/\/ton.connectingminds.net\/product\/amore-vita-galatron\/"},"modified":"2026-01-28T12:03:07","modified_gmt":"2026-01-28T11:03:07","slug":"liebe-vita-galatron","status":"publish","type":"product","link":"https:\/\/ton.connectingminds.net\/de\/retro-wielershirt\/amore-vita-galatron\/","title":{"rendered":"AMORE &amp; VITA (c) \u2013 GALATRON 1993 RADFAHREN-HEMD"},"content":{"rendered":"<h3 data-start=\"132\" data-end=\"198\"><strong data-start=\"136\" data-end=\"198\">Amore &amp; Vita-Galatron im Jahr 1993: Liebe, Leben und Radfahren<\/strong><\/h3>\n<p data-start=\"200\" data-end=\"671\">Das Radsportteam <em data-start=\"215\" data-end=\"229\">Liebe &amp; Vita<\/em> (italienisch f\u00fcr \u201eLiebe und Leben\u201c) entstand 1989 aus der \u00dcbernahme des polnischen Teams <em data-start=\"318\" data-end=\"331\">Romet\u2013Legia<\/em> von dem extravaganten Italiener <a href=\"https:\/\/it.wikipedia.org\/wiki\/Ivano_Fanini\" target=\"_blank\" rel=\"noopener\"><strong>Ivano Fanini<\/strong><\/a>Fanini verlieh dem Team einen markanten christlich-humanistischen Charakter und betonte Ethik, Anti-Doping und Werte des Lebens. Der Teamname wurde zum Manifest: kein rein kommerzieller Markenname, sondern eine Mission \u2013 \u201eAmore &amp; Vita\u201c symbolisierte Reinheit und Respekt vor dem Leben, auf und neben dem Rad.<\/p>\n<p data-start=\"673\" data-end=\"891\">Das Team war oft eine Zufluchtsst\u00e4tte f\u00fcr Fahrer, die anderswo abgeschrieben worden waren oder eine zweite Chance brauchten. Aber es war auch eine Brutst\u00e4tte f\u00fcr talentierte Fahrer, die es wagten, \u00fcber den Tellerrand hinauszublicken.<\/p>\n<p data-start=\"893\" data-end=\"1354\">In <strong data-start=\"896\" data-end=\"904\">1993<\/strong> das Team fuhr unter dem Namen <strong data-start=\"933\" data-end=\"958\">Amore &amp; Vita-Galatron<\/strong>, von <em data-start=\"964\" data-end=\"974\">Galatron<\/em> (ein italienischer Sanit\u00e4rhersteller) als Co-Sponsor. Zu dieser Zeit war das Team auffallend international aufgestellt, mit Fahrern aus Italien, Osteuropa und manchmal sogar den USA oder Lateinamerika. Sie nahmen haupts\u00e4chlich an kleineren europ\u00e4ischen Rennen und italienischen Rennen der unteren Ligen teil, wurden aber f\u00fcr ihren offensiven Stil und ihre idealistische Natur bekannt.<\/p>\n<p data-start=\"1356\" data-end=\"1662\">Obwohl das Team 1993 nicht auf h\u00f6chstem ProTour-Niveau antrat, galt es als farbenfrohes und unkonventionelles Team. Es diente oft als Sprungbrett f\u00fcr Fahrer auf dem Weg zu gr\u00f6\u00dferen Teams oder als sicherer Hafen f\u00fcr diejenigen, die durch Verletzungen, Sperren oder pers\u00f6nliche R\u00fcckschl\u00e4ge zur\u00fcckgeworfen wurden.<\/p>\n<p data-start=\"1664\" data-end=\"1968\">Die 1990er Jahre waren aufgrund des zunehmenden Dopings und des kommerziellen Drucks eine schwierige Zeit f\u00fcr den Radsport. Doch Amore &amp; Vita blieb seinen Werten treu \u2013 manchmal gegen den Strom, immer mit Leidenschaft. Das Team von 1993 war zwar keine Siegermaschine, verk\u00f6rperte aber den Geist des Radsports als Lebenskunst.<\/p>","protected":false},"excerpt":{"rendered":"<p>Amore &amp; Vita-Galatron in 1993: Liefde, Leven en Wielrennen De wielerploeg Amore &amp; Vita (Italiaans voor \u201cLiefde en Leven\u201d) ontstond in 1989 uit de overname van de Poolse ploeg Romet\u2013Legia door de flamboyante Italiaan Ivano Fanini. Fanini gaf de ploeg een opvallend christelijk-humanistisch karakter, met nadruk op ethiek, anti-doping en levenswaarden. De ploegnaam werd een [&hellip;]<\/p>\n","protected":false},"featured_media":33338,"template":"","meta":[],"product_brand":[],"product_cat":[151],"product_tag":[],"class_list":{"0":"post-2905","1":"product","2":"type-product","3":"status-publish","4":"has-post-thumbnail","6":"product_cat-pro-team","8":"first","9":"onbackorder","10":"taxable","11":"shipping-taxable","12":"purchasable","13":"product-type-variable"},"yoast_head":"<!-- This site is optimized with the Yoast SEO plugin v27.5 - https:\/\/yoast.com\/product\/yoast-seo-wordpress\/ -->\n<title>AMORE &amp; VITA (c)-GALATRON  1993  WIELERSHIRT - Ton Merckx Wielershirts - Rondreis door de wereld van wielershirts<\/title>\n<meta name=\"robots\" content=\"index, follow, max-snippet:-1, max-image-preview:large, max-video-preview:-1\" \/>\n<link rel=\"canonical\" href=\"https:\/\/ton.connectingminds.net\/de\/retro-radtrikot\/liebe-vita-galatron\/\" \/>\n<meta property=\"og:locale\" content=\"de_DE\" \/>\n<meta property=\"og:type\" content=\"article\" \/>\n<meta property=\"og:title\" content=\"AMORE &amp; VITA (c)-GALATRON  1993  WIELERSHIRT - Ton Merckx Wielershirts - Rondreis door de wereld van wielershirts\" \/>\n<meta property=\"og:description\" content=\"Amore &amp; Vita-Galatron in 1993: Liefde, Leven en Wielrennen De wielerploeg Amore &amp; Vita (Italiaans voor \u201cLiefde en Leven\u201d) ontstond in 1989 uit de overname van de Poolse ploeg Romet\u2013Legia door de flamboyante Italiaan Ivano Fanini. Fanini gaf de ploeg een opvallend christelijk-humanistisch karakter, met nadruk op ethiek, anti-doping en levenswaarden. De ploegnaam werd een [&hellip;]\" \/>\n<meta property=\"og:url\" content=\"https:\/\/ton.connectingminds.net\/de\/retro-radtrikot\/liebe-vita-galatron\/\" \/>\n<meta property=\"og:site_name\" content=\"Ton Merckx Wielershirts - Rondreis door de wereld van wielershirts\" \/>\n<meta property=\"article:modified_time\" content=\"2026-01-28T11:03:07+00:00\" \/>\n<meta property=\"og:image\" content=\"https:\/\/ton.connectingminds.net\/wp-content\/uploads\/2023\/01\/IMG_3752-scaled.jpg\" \/>\n\t<meta property=\"og:image:width\" content=\"1920\" \/>\n\t<meta property=\"og:image:height\" content=\"2560\" \/>\n\t<meta property=\"og:image:type\" content=\"image\/jpeg\" \/>\n<meta name=\"twitter:card\" content=\"summary_large_image\" \/>\n<meta name=\"twitter:label1\" content=\"Gesch\u00e4tzte Lesezeit\" \/>\n\t<meta name=\"twitter:data1\" content=\"2\u00a0Minuten\" \/>\n<script type=\"application\/ld+json\" class=\"yoast-schema-graph\">{\"@context\":\"https:\\\/\\\/schema.org\",\"@graph\":[{\"@type\":\"WebPage\",\"@id\":\"https:\\\/\\\/ton.connectingminds.net\\\/en\\\/retro-cycling-jersey\\\/love-vita-galatron\\\/\",\"url\":\"https:\\\/\\\/ton.connectingminds.net\\\/en\\\/retro-cycling-jersey\\\/love-vita-galatron\\\/\",\"name\":\"AMORE &amp; VITA (c)-GALATRON 1993 WIELERSHIRT - Ton Merckx Wielershirts - Rondreis door de wereld van wielershirts\",\"isPartOf\":{\"@id\":\"https:\\\/\\\/www.tonmerckxwielershirts.nl\\\/es\\\/#website\"},\"primaryImageOfPage\":{\"@id\":\"https:\\\/\\\/ton.connectingminds.net\\\/en\\\/retro-cycling-jersey\\\/love-vita-galatron\\\/#primaryimage\"},\"image\":{\"@id\":\"https:\\\/\\\/ton.connectingminds.net\\\/en\\\/retro-cycling-jersey\\\/love-vita-galatron\\\/#primaryimage\"},\"thumbnailUrl\":\"https:\\\/\\\/ton.connectingminds.net\\\/wp-content\\\/uploads\\\/2023\\\/01\\\/IMG_3752-scaled.jpg\",\"datePublished\":\"2023-01-24T17:56:05+00:00\",\"dateModified\":\"2026-01-28T11:03:07+00:00\",\"breadcrumb\":{\"@id\":\"https:\\\/\\\/ton.connectingminds.net\\\/en\\\/retro-cycling-jersey\\\/love-vita-galatron\\\/#breadcrumb\"},\"inLanguage\":\"de\",\"potentialAction\":[{\"@type\":\"ReadAction\",\"target\":[\"https:\\\/\\\/ton.connectingminds.net\\\/en\\\/retro-cycling-jersey\\\/love-vita-galatron\\\/\"]}]},{\"@type\":\"ImageObject\",\"inLanguage\":\"de\",\"@id\":\"https:\\\/\\\/ton.connectingminds.net\\\/en\\\/retro-cycling-jersey\\\/love-vita-galatron\\\/#primaryimage\",\"url\":\"https:\\\/\\\/ton.connectingminds.net\\\/wp-content\\\/uploads\\\/2023\\\/01\\\/IMG_3752-scaled.jpg\",\"contentUrl\":\"https:\\\/\\\/ton.connectingminds.net\\\/wp-content\\\/uploads\\\/2023\\\/01\\\/IMG_3752-scaled.jpg\",\"width\":1920,\"height\":2560,\"caption\":\"AMORE & VITA-GALATRON 1993\"},{\"@type\":\"BreadcrumbList\",\"@id\":\"https:\\\/\\\/ton.connectingminds.net\\\/en\\\/retro-cycling-jersey\\\/love-vita-galatron\\\/#breadcrumb\",\"itemListElement\":[{\"@type\":\"ListItem\",\"position\":1,\"name\":\"Home\",\"item\":\"https:\\\/\\\/www.tonmerckxwielershirts.nl\\\/es\\\/\"},{\"@type\":\"ListItem\",\"position\":2,\"name\":\"Retro wielershirts\",\"item\":\"https:\\\/\\\/www.tonmerckxwielershirts.nl\\\/es\\\/camisetas-de-ciclismo-retro\\\/\"},{\"@type\":\"ListItem\",\"position\":3,\"name\":\"AMORE &amp; VITA (c)-GALATRON 1993 WIELERSHIRT\"}]},{\"@type\":\"WebSite\",\"@id\":\"https:\\\/\\\/www.tonmerckxwielershirts.nl\\\/es\\\/#website\",\"url\":\"https:\\\/\\\/www.tonmerckxwielershirts.nl\\\/es\\\/\",\"name\":\"Ton Merckx Wielershirts - Rondreis door de wereld van wielershirts\",\"description\":\"thousands of original cycling jerseys - order your replica!\",\"publisher\":{\"@id\":\"https:\\\/\\\/www.tonmerckxwielershirts.nl\\\/es\\\/#organization\"},\"potentialAction\":[{\"@type\":\"SearchAction\",\"target\":{\"@type\":\"EntryPoint\",\"urlTemplate\":\"https:\\\/\\\/www.tonmerckxwielershirts.nl\\\/es\\\/?s={search_term_string}\"},\"query-input\":{\"@type\":\"PropertyValueSpecification\",\"valueRequired\":true,\"valueName\":\"search_term_string\"}}],\"inLanguage\":\"de\"},{\"@type\":\"Organization\",\"@id\":\"https:\\\/\\\/www.tonmerckxwielershirts.nl\\\/es\\\/#organization\",\"name\":\"Ton Merckx Wielershirts - Rondreis door de wereld van wielershirts\",\"url\":\"https:\\\/\\\/www.tonmerckxwielershirts.nl\\\/es\\\/\",\"logo\":{\"@type\":\"ImageObject\",\"inLanguage\":\"de\",\"@id\":\"https:\\\/\\\/www.tonmerckxwielershirts.nl\\\/es\\\/#\\\/schema\\\/logo\\\/image\\\/\",\"url\":\"https:\\\/\\\/ton.connectingminds.net\\\/wp-content\\\/uploads\\\/2023\\\/03\\\/ton-merckx-logo.jpg\",\"contentUrl\":\"https:\\\/\\\/ton.connectingminds.net\\\/wp-content\\\/uploads\\\/2023\\\/03\\\/ton-merckx-logo.jpg\",\"width\":391,\"height\":57,\"caption\":\"Ton Merckx Wielershirts - Rondreis door de wereld van wielershirts\"},\"image\":{\"@id\":\"https:\\\/\\\/www.tonmerckxwielershirts.nl\\\/es\\\/#\\\/schema\\\/logo\\\/image\\\/\"}}]}<\/script>\n<!-- \/ Yoast SEO plugin. -->","yoast_head_json":{"title":"AMORE &amp; VITA (c)-GALATRON 1993 RADTRIKOT - Ton Merckx Radtrikots - Tour durch die Welt der Radtrikots","robots":{"index":"index","follow":"follow","max-snippet":"max-snippet:-1","max-image-preview":"max-image-preview:large","max-video-preview":"max-video-preview:-1"},"canonical":"https:\/\/ton.connectingminds.net\/de\/retro-radtrikot\/liebe-vita-galatron\/","og_locale":"de_DE","og_type":"article","og_title":"AMORE &amp; VITA (c)-GALATRON  1993  WIELERSHIRT - Ton Merckx Wielershirts - Rondreis door de wereld van wielershirts","og_description":"Amore &amp; Vita-Galatron in 1993: Liefde, Leven en Wielrennen De wielerploeg Amore &amp; Vita (Italiaans voor \u201cLiefde en Leven\u201d) ontstond in 1989 uit de overname van de Poolse ploeg Romet\u2013Legia door de flamboyante Italiaan Ivano Fanini. Fanini gaf de ploeg een opvallend christelijk-humanistisch karakter, met nadruk op ethiek, anti-doping en levenswaarden. De ploegnaam werd een [&hellip;]","og_url":"https:\/\/ton.connectingminds.net\/de\/retro-radtrikot\/liebe-vita-galatron\/","og_site_name":"Ton Merckx Wielershirts - Rondreis door de wereld van wielershirts","article_modified_time":"2026-01-28T11:03:07+00:00","og_image":[{"width":1920,"height":2560,"url":"https:\/\/ton.connectingminds.net\/wp-content\/uploads\/2023\/01\/IMG_3752-scaled.jpg","type":"image\/jpeg"}],"twitter_card":"summary_large_image","twitter_misc":{"Gesch\u00e4tzte Lesezeit":"2\u00a0Minuten"},"schema":{"@context":"https:\/\/schema.org","@graph":[{"@type":"WebPage","@id":"https:\/\/ton.connectingminds.net\/en\/retro-cycling-jersey\/love-vita-galatron\/","url":"https:\/\/ton.connectingminds.net\/en\/retro-cycling-jersey\/love-vita-galatron\/","name":"AMORE &amp; VITA (c)-GALATRON 1993 RADFAHREN-HEMD \u2013 Ton Merckx Radtrikots \u2013 Tour durch die Welt der Radtrikots","isPartOf":{"@id":"https:\/\/www.tonmerckxwielershirts.nl\/es\/#website"},"primaryImageOfPage":{"@id":"https:\/\/ton.connectingminds.net\/en\/retro-cycling-jersey\/love-vita-galatron\/#primaryimage"},"image":{"@id":"https:\/\/ton.connectingminds.net\/en\/retro-cycling-jersey\/love-vita-galatron\/#primaryimage"},"thumbnailUrl":"https:\/\/ton.connectingminds.net\/wp-content\/uploads\/2023\/01\/IMG_3752-scaled.jpg","datePublished":"2023-01-24T17:56:05+00:00","dateModified":"2026-01-28T11:03:07+00:00","breadcrumb":{"@id":"https:\/\/ton.connectingminds.net\/en\/retro-cycling-jersey\/love-vita-galatron\/#breadcrumb"},"inLanguage":"de","potentialAction":[{"@type":"ReadAction","target":["https:\/\/ton.connectingminds.net\/en\/retro-cycling-jersey\/love-vita-galatron\/"]}]},{"@type":"ImageObject","inLanguage":"de","@id":"https:\/\/ton.connectingminds.net\/en\/retro-cycling-jersey\/love-vita-galatron\/#primaryimage","url":"https:\/\/ton.connectingminds.net\/wp-content\/uploads\/2023\/01\/IMG_3752-scaled.jpg","contentUrl":"https:\/\/ton.connectingminds.net\/wp-content\/uploads\/2023\/01\/IMG_3752-scaled.jpg","width":1920,"height":2560,"caption":"AMORE & VITA-GALATRON 1993"},{"@type":"BreadcrumbList","@id":"https:\/\/ton.connectingminds.net\/en\/retro-cycling-jersey\/love-vita-galatron\/#breadcrumb","itemListElement":[{"@type":"ListItem","position":1,"name":"Home","item":"https:\/\/www.tonmerckxwielershirts.nl\/es\/"},{"@type":"ListItem","position":2,"name":"Retro wielershirts","item":"https:\/\/www.tonmerckxwielershirts.nl\/es\/camisetas-de-ciclismo-retro\/"},{"@type":"ListItem","position":3,"name":"AMORE &amp; VITA (c)-GALATRON 1993 WIELERSHIRT"}]},{"@type":"WebSite","@id":"https:\/\/www.tonmerckxwielershirts.nl\/es\/#website","url":"https:\/\/www.tonmerckxwielershirts.nl\/es\/","name":"Ton Merckx Radsport-Shirts \u2013 Tour durch die Welt der Radsport-Shirts","description":"Tausende originale Radtrikots \u2013 bestellen Sie Ihr Replikat!","publisher":{"@id":"https:\/\/www.tonmerckxwielershirts.nl\/es\/#organization"},"potentialAction":[{"@type":"SearchAction","target":{"@type":"EntryPoint","urlTemplate":"https:\/\/www.tonmerckxwielershirts.nl\/es\/?s={search_term_string}"},"query-input":{"@type":"PropertyValueSpecification","valueRequired":true,"valueName":"search_term_string"}}],"inLanguage":"de"},{"@type":"Organization","@id":"https:\/\/www.tonmerckxwielershirts.nl\/es\/#organization","name":"Ton Merckx Radsport-Shirts \u2013 Tour durch die Welt der Radsport-Shirts","url":"https:\/\/www.tonmerckxwielershirts.nl\/es\/","logo":{"@type":"ImageObject","inLanguage":"de","@id":"https:\/\/www.tonmerckxwielershirts.nl\/es\/#\/schema\/logo\/image\/","url":"https:\/\/ton.connectingminds.net\/wp-content\/uploads\/2023\/03\/ton-merckx-logo.jpg","contentUrl":"https:\/\/ton.connectingminds.net\/wp-content\/uploads\/2023\/03\/ton-merckx-logo.jpg","width":391,"height":57,"caption":"Ton Merckx Wielershirts - Rondreis door de wereld van wielershirts"},"image":{"@id":"https:\/\/www.tonmerckxwielershirts.nl\/es\/#\/schema\/logo\/image\/"}}]}},"_links":{"self":[{"href":"https:\/\/ton.connectingminds.net\/de\/wp-json\/wp\/v2\/product\/2905","targetHints":{"allow":["GET"]}}],"collection":[{"href":"https:\/\/ton.connectingminds.net\/de\/wp-json\/wp\/v2\/product"}],"about":[{"href":"https:\/\/ton.connectingminds.net\/de\/wp-json\/wp\/v2\/types\/product"}],"wp:featuredmedia":[{"embeddable":true,"href":"https:\/\/ton.connectingminds.net\/de\/wp-json\/wp\/v2\/media\/33338"}],"wp:attachment":[{"href":"https:\/\/ton.connectingminds.net\/de\/wp-json\/wp\/v2\/media?parent=2905"}],"wp:term":[{"taxonomy":"product_brand","embeddable":true,"href":"https:\/\/ton.connectingminds.net\/de\/wp-json\/wp\/v2\/product_brand?post=2905"},{"taxonomy":"product_cat","embeddable":true,"href":"https:\/\/ton.connectingminds.net\/de\/wp-json\/wp\/v2\/product_cat?post=2905"},{"taxonomy":"product_tag","embeddable":true,"href":"https:\/\/ton.connectingminds.net\/de\/wp-json\/wp\/v2\/product_tag?post=2905"}],"curies":[{"name":"wp","href":"https:\/\/api.w.org\/{rel}","templated":true}]}}