{"id":2156,"date":"2023-01-24T17:46:28","date_gmt":"2023-01-24T17:46:28","guid":{"rendered":"https:\/\/ton.connectingminds.net\/product\/nationale-ploeg-2\/"},"modified":"2026-01-28T12:03:51","modified_gmt":"2026-01-28T11:03:51","slug":"equipo-nacional-2","status":"publish","type":"product","link":"https:\/\/ton.connectingminds.net\/es\/retro-wielershirt\/nationale-ploeg-2\/","title":{"rendered":"CAMISETA CICLISMO SELECCI\u00d3N RDA"},"content":{"rendered":"<p>La camiseta de los famosos AMATEURS DEL ESTADO de la RDA (Alemania del Este).<\/p>\n<p>Los aficionados estatales de la RDA ganaron muchas carreras en casa y en el extranjero, despu\u00e9s de la ca\u00edda del MURO muchos se convirtieron en profesionales y el ciclismo alem\u00e1n floreci\u00f3 durante varios a\u00f1os con corredores como Olaf Ludwig, Uwe Raab y Jan Ullrich.<\/p>","protected":false},"excerpt":{"rendered":"<p>La camiseta de los famosos AMATEURS DEL ESTADO de la RDA (Alemania del Este). Los aficionados estatales de la RDA ganaron muchas carreras en casa y en el extranjero, despu\u00e9s de la ca\u00edda del MURO muchos se convirtieron en profesionales y el ciclismo alem\u00e1n floreci\u00f3 durante varios a\u00f1os con corredores como Olaf Ludwig, Uwe Raab y Jan Ullrich.<\/p>","protected":false},"featured_media":2155,"template":"","meta":[],"product_brand":[],"product_cat":[1372],"product_tag":[],"class_list":{"0":"post-2156","1":"product","2":"type-product","3":"status-publish","4":"has-post-thumbnail","6":"product_cat-nationale-teams","8":"first","9":"outofstock","10":"taxable","11":"shipping-taxable","12":"purchasable","13":"product-type-variable"},"yoast_head":"<!-- This site is optimized with the Yoast SEO plugin v27.3 - https:\/\/yoast.com\/product\/yoast-seo-wordpress\/ -->\n<title>DDR NATIONALE PLOEG                            WIELERSHIRT - Ton Merckx Wielershirts - Rondreis door de wereld van wielershirts<\/title>\n<meta name=\"robots\" content=\"index, follow, max-snippet:-1, max-image-preview:large, max-video-preview:-1\" \/>\n<link rel=\"canonical\" href=\"https:\/\/vintagecycling.store\/fr\/maillot-de-cyclisme-retro\/equipe-nationale-2\/\" \/>\n<meta property=\"og:locale\" content=\"es_ES\" \/>\n<meta property=\"og:type\" content=\"article\" \/>\n<meta property=\"og:title\" content=\"DDR NATIONALE PLOEG                            WIELERSHIRT - Ton Merckx Wielershirts - Rondreis door de wereld van wielershirts\" \/>\n<meta property=\"og:description\" content=\"Het shirt van de Roemruchte STAATSAMATEURS van de DDR (Oost-Duitsland). De Staatsamateurs van de DDR wonnen veel koersen in binnen en buitenland, na het vallen van de MUUR werden er vele prof en floreerde de Duitse wielersport voor meerdere jaren met renners als Olaf Ludwig, Uwe Raab en Jan Ullrich\" \/>\n<meta property=\"og:url\" content=\"https:\/\/vintagecycling.store\/fr\/maillot-de-cyclisme-retro\/equipe-nationale-2\/\" \/>\n<meta property=\"og:site_name\" content=\"Ton Merckx Wielershirts - Rondreis door de wereld van wielershirts\" \/>\n<meta property=\"article:modified_time\" content=\"2026-01-28T11:03:51+00:00\" \/>\n<meta property=\"og:image\" content=\"https:\/\/vintagecycling.store\/wp-content\/uploads\/2023\/01\/SSA43373.jpg\" \/>\n\t<meta property=\"og:image:width\" content=\"1704\" \/>\n\t<meta property=\"og:image:height\" content=\"2272\" \/>\n\t<meta property=\"og:image:type\" content=\"image\/jpeg\" \/>\n<meta name=\"twitter:card\" content=\"summary_large_image\" \/>\n<meta name=\"twitter:label1\" content=\"Tiempo de lectura\" \/>\n\t<meta name=\"twitter:data1\" content=\"1 minuto\" \/>\n<script type=\"application\/ld+json\" class=\"yoast-schema-graph\">{\"@context\":\"https:\\\/\\\/schema.org\",\"@graph\":[{\"@type\":\"WebPage\",\"@id\":\"https:\\\/\\\/vintagecycling.store\\\/fr\\\/maillot-de-cyclisme-retro\\\/equipe-nationale-2\\\/\",\"url\":\"https:\\\/\\\/vintagecycling.store\\\/fr\\\/maillot-de-cyclisme-retro\\\/equipe-nationale-2\\\/\",\"name\":\"DDR NATIONALE PLOEG WIELERSHIRT - Ton Merckx Wielershirts - Rondreis door de wereld van wielershirts\",\"isPartOf\":{\"@id\":\"https:\\\/\\\/tonmerckxwielershirts.nl\\\/es\\\/#website\"},\"primaryImageOfPage\":{\"@id\":\"https:\\\/\\\/vintagecycling.store\\\/fr\\\/maillot-de-cyclisme-retro\\\/equipe-nationale-2\\\/#primaryimage\"},\"image\":{\"@id\":\"https:\\\/\\\/vintagecycling.store\\\/fr\\\/maillot-de-cyclisme-retro\\\/equipe-nationale-2\\\/#primaryimage\"},\"thumbnailUrl\":\"https:\\\/\\\/ton.connectingminds.net\\\/wp-content\\\/uploads\\\/2023\\\/01\\\/SSA43373.jpg\",\"datePublished\":\"2023-01-24T17:46:28+00:00\",\"dateModified\":\"2026-01-28T11:03:51+00:00\",\"breadcrumb\":{\"@id\":\"https:\\\/\\\/vintagecycling.store\\\/fr\\\/maillot-de-cyclisme-retro\\\/equipe-nationale-2\\\/#breadcrumb\"},\"inLanguage\":\"es\",\"potentialAction\":[{\"@type\":\"ReadAction\",\"target\":[\"https:\\\/\\\/vintagecycling.store\\\/fr\\\/maillot-de-cyclisme-retro\\\/equipe-nationale-2\\\/\"]}]},{\"@type\":\"ImageObject\",\"inLanguage\":\"es\",\"@id\":\"https:\\\/\\\/vintagecycling.store\\\/fr\\\/maillot-de-cyclisme-retro\\\/equipe-nationale-2\\\/#primaryimage\",\"url\":\"https:\\\/\\\/ton.connectingminds.net\\\/wp-content\\\/uploads\\\/2023\\\/01\\\/SSA43373.jpg\",\"contentUrl\":\"https:\\\/\\\/ton.connectingminds.net\\\/wp-content\\\/uploads\\\/2023\\\/01\\\/SSA43373.jpg\",\"width\":1704,\"height\":2272},{\"@type\":\"BreadcrumbList\",\"@id\":\"https:\\\/\\\/vintagecycling.store\\\/fr\\\/maillot-de-cyclisme-retro\\\/equipe-nationale-2\\\/#breadcrumb\",\"itemListElement\":[{\"@type\":\"ListItem\",\"position\":1,\"name\":\"Home\",\"item\":\"https:\\\/\\\/tonmerckxwielershirts.nl\\\/es\\\/\"},{\"@type\":\"ListItem\",\"position\":2,\"name\":\"Retro wielershirts\",\"item\":\"https:\\\/\\\/tonmerckxwielershirts.nl\\\/es\\\/camisetas-de-ciclismo-retro\\\/\"},{\"@type\":\"ListItem\",\"position\":3,\"name\":\"DDR NATIONALE PLOEG WIELERSHIRT\"}]},{\"@type\":\"WebSite\",\"@id\":\"https:\\\/\\\/tonmerckxwielershirts.nl\\\/es\\\/#website\",\"url\":\"https:\\\/\\\/tonmerckxwielershirts.nl\\\/es\\\/\",\"name\":\"Ton Merckx Wielershirts - Rondreis door de wereld van wielershirts\",\"description\":\"thousands of original cycling jerseys - order your replica!\",\"publisher\":{\"@id\":\"https:\\\/\\\/tonmerckxwielershirts.nl\\\/es\\\/#organization\"},\"potentialAction\":[{\"@type\":\"SearchAction\",\"target\":{\"@type\":\"EntryPoint\",\"urlTemplate\":\"https:\\\/\\\/tonmerckxwielershirts.nl\\\/es\\\/?s={search_term_string}\"},\"query-input\":{\"@type\":\"PropertyValueSpecification\",\"valueRequired\":true,\"valueName\":\"search_term_string\"}}],\"inLanguage\":\"es\"},{\"@type\":\"Organization\",\"@id\":\"https:\\\/\\\/tonmerckxwielershirts.nl\\\/es\\\/#organization\",\"name\":\"Ton Merckx Wielershirts - Rondreis door de wereld van wielershirts\",\"url\":\"https:\\\/\\\/tonmerckxwielershirts.nl\\\/es\\\/\",\"logo\":{\"@type\":\"ImageObject\",\"inLanguage\":\"es\",\"@id\":\"https:\\\/\\\/tonmerckxwielershirts.nl\\\/es\\\/#\\\/schema\\\/logo\\\/image\\\/\",\"url\":\"https:\\\/\\\/ton.connectingminds.net\\\/wp-content\\\/uploads\\\/2023\\\/03\\\/ton-merckx-logo.jpg\",\"contentUrl\":\"https:\\\/\\\/ton.connectingminds.net\\\/wp-content\\\/uploads\\\/2023\\\/03\\\/ton-merckx-logo.jpg\",\"width\":391,\"height\":57,\"caption\":\"Ton Merckx Wielershirts - Rondreis door de wereld van wielershirts\"},\"image\":{\"@id\":\"https:\\\/\\\/tonmerckxwielershirts.nl\\\/es\\\/#\\\/schema\\\/logo\\\/image\\\/\"}}]}<\/script>\n<!-- \/ Yoast SEO plugin. -->","yoast_head_json":{"title":"CAMISETA CICLISMO SELECCI\u00d3N RDA - Maillots ciclistas Ton Merckx - Recorrido por el mundo del maillot ciclista","robots":{"index":"index","follow":"follow","max-snippet":"max-snippet:-1","max-image-preview":"max-image-preview:large","max-video-preview":"max-video-preview:-1"},"canonical":"https:\/\/vintagecycling.store\/fr\/maillot-de-cyclisme-retro\/equipe-nationale-2\/","og_locale":"es_ES","og_type":"article","og_title":"DDR NATIONALE PLOEG                            WIELERSHIRT - Ton Merckx Wielershirts - Rondreis door de wereld van wielershirts","og_description":"Het shirt van de Roemruchte STAATSAMATEURS van de DDR (Oost-Duitsland). De Staatsamateurs van de DDR wonnen veel koersen in binnen en buitenland, na het vallen van de MUUR werden er vele prof en floreerde de Duitse wielersport voor meerdere jaren met renners als Olaf Ludwig, Uwe Raab en Jan Ullrich","og_url":"https:\/\/vintagecycling.store\/fr\/maillot-de-cyclisme-retro\/equipe-nationale-2\/","og_site_name":"Ton Merckx Wielershirts - Rondreis door de wereld van wielershirts","article_modified_time":"2026-01-28T11:03:51+00:00","og_image":[{"width":1704,"height":2272,"url":"https:\/\/vintagecycling.store\/wp-content\/uploads\/2023\/01\/SSA43373.jpg","type":"image\/jpeg"}],"twitter_card":"summary_large_image","twitter_misc":{"Tiempo de lectura":"1 minuto"},"schema":{"@context":"https:\/\/schema.org","@graph":[{"@type":"WebPage","@id":"https:\/\/vintagecycling.store\/fr\/maillot-de-cyclisme-retro\/equipe-nationale-2\/","url":"https:\/\/vintagecycling.store\/fr\/maillot-de-cyclisme-retro\/equipe-nationale-2\/","name":"CAMISETA CICLISMO SELECCI\u00d3N RDA - Maillots ciclistas Ton Merckx - Recorrido por el mundo del maillot ciclista","isPartOf":{"@id":"https:\/\/tonmerckxwielershirts.nl\/es\/#website"},"primaryImageOfPage":{"@id":"https:\/\/vintagecycling.store\/fr\/maillot-de-cyclisme-retro\/equipe-nationale-2\/#primaryimage"},"image":{"@id":"https:\/\/vintagecycling.store\/fr\/maillot-de-cyclisme-retro\/equipe-nationale-2\/#primaryimage"},"thumbnailUrl":"https:\/\/ton.connectingminds.net\/wp-content\/uploads\/2023\/01\/SSA43373.jpg","datePublished":"2023-01-24T17:46:28+00:00","dateModified":"2026-01-28T11:03:51+00:00","breadcrumb":{"@id":"https:\/\/vintagecycling.store\/fr\/maillot-de-cyclisme-retro\/equipe-nationale-2\/#breadcrumb"},"inLanguage":"es","potentialAction":[{"@type":"ReadAction","target":["https:\/\/vintagecycling.store\/fr\/maillot-de-cyclisme-retro\/equipe-nationale-2\/"]}]},{"@type":"ImageObject","inLanguage":"es","@id":"https:\/\/vintagecycling.store\/fr\/maillot-de-cyclisme-retro\/equipe-nationale-2\/#primaryimage","url":"https:\/\/ton.connectingminds.net\/wp-content\/uploads\/2023\/01\/SSA43373.jpg","contentUrl":"https:\/\/ton.connectingminds.net\/wp-content\/uploads\/2023\/01\/SSA43373.jpg","width":1704,"height":2272},{"@type":"BreadcrumbList","@id":"https:\/\/vintagecycling.store\/fr\/maillot-de-cyclisme-retro\/equipe-nationale-2\/#breadcrumb","itemListElement":[{"@type":"ListItem","position":1,"name":"Home","item":"https:\/\/tonmerckxwielershirts.nl\/es\/"},{"@type":"ListItem","position":2,"name":"Retro wielershirts","item":"https:\/\/tonmerckxwielershirts.nl\/es\/camisetas-de-ciclismo-retro\/"},{"@type":"ListItem","position":3,"name":"DDR NATIONALE PLOEG WIELERSHIRT"}]},{"@type":"WebSite","@id":"https:\/\/tonmerckxwielershirts.nl\/es\/#website","url":"https:\/\/tonmerckxwielershirts.nl\/es\/","name":"Camisetas ciclistas Ton Merckx - Recorrido por el mundo de las camisetas ciclistas","description":"miles de maillots ciclistas originales - \u00a1pide tu r\u00e9plica!","publisher":{"@id":"https:\/\/tonmerckxwielershirts.nl\/es\/#organization"},"potentialAction":[{"@type":"SearchAction","target":{"@type":"EntryPoint","urlTemplate":"https:\/\/tonmerckxwielershirts.nl\/es\/?s={search_term_string}"},"query-input":{"@type":"PropertyValueSpecification","valueRequired":true,"valueName":"search_term_string"}}],"inLanguage":"es"},{"@type":"Organization","@id":"https:\/\/tonmerckxwielershirts.nl\/es\/#organization","name":"Camisetas ciclistas Ton Merckx - Recorrido por el mundo de las camisetas ciclistas","url":"https:\/\/tonmerckxwielershirts.nl\/es\/","logo":{"@type":"ImageObject","inLanguage":"es","@id":"https:\/\/tonmerckxwielershirts.nl\/es\/#\/schema\/logo\/image\/","url":"https:\/\/ton.connectingminds.net\/wp-content\/uploads\/2023\/03\/ton-merckx-logo.jpg","contentUrl":"https:\/\/ton.connectingminds.net\/wp-content\/uploads\/2023\/03\/ton-merckx-logo.jpg","width":391,"height":57,"caption":"Ton Merckx Wielershirts - Rondreis door de wereld van wielershirts"},"image":{"@id":"https:\/\/tonmerckxwielershirts.nl\/es\/#\/schema\/logo\/image\/"}}]}},"_links":{"self":[{"href":"https:\/\/ton.connectingminds.net\/es\/wp-json\/wp\/v2\/product\/2156","targetHints":{"allow":["GET"]}}],"collection":[{"href":"https:\/\/ton.connectingminds.net\/es\/wp-json\/wp\/v2\/product"}],"about":[{"href":"https:\/\/ton.connectingminds.net\/es\/wp-json\/wp\/v2\/types\/product"}],"wp:featuredmedia":[{"embeddable":true,"href":"https:\/\/ton.connectingminds.net\/es\/wp-json\/wp\/v2\/media\/2155"}],"wp:attachment":[{"href":"https:\/\/ton.connectingminds.net\/es\/wp-json\/wp\/v2\/media?parent=2156"}],"wp:term":[{"taxonomy":"product_brand","embeddable":true,"href":"https:\/\/ton.connectingminds.net\/es\/wp-json\/wp\/v2\/product_brand?post=2156"},{"taxonomy":"product_cat","embeddable":true,"href":"https:\/\/ton.connectingminds.net\/es\/wp-json\/wp\/v2\/product_cat?post=2156"},{"taxonomy":"product_tag","embeddable":true,"href":"https:\/\/ton.connectingminds.net\/es\/wp-json\/wp\/v2\/product_tag?post=2156"}],"curies":[{"name":"gracias","href":"https:\/\/api.w.org\/{rel}","templated":true}]}}