{"id":2905,"date":"2023-01-24T17:56:05","date_gmt":"2023-01-24T17:56:05","guid":{"rendered":"https:\/\/ton.connectingminds.net\/product\/amore-vita-galatron\/"},"modified":"2026-01-28T12:03:07","modified_gmt":"2026-01-28T11:03:07","slug":"amor-vita-galatron","status":"publish","type":"product","link":"https:\/\/ton.connectingminds.net\/es\/retro-wielershirt\/amore-vita-galatron\/","title":{"rendered":"AMORE &amp; VITA (c) - CAMISETA CICLISMO GALATRON 1993"},"content":{"rendered":"<h3 data-start=\"132\" data-end=\"198\"><strong data-start=\"136\" data-end=\"198\">Amore &amp; Vita-Galatron en 1993: Amor, vida y ciclismo<\/strong><\/h3>\n<p data-start=\"200\" data-end=\"671\">El equipo ciclista <em data-start=\"215\" data-end=\"229\">Amor y Vita<\/em> (en italiano, \u201cAmor y Vida\u201d) fue creado en 1989 tras la adquisici\u00f3n del equipo polaco <em data-start=\"318\" data-end=\"331\">Romet\u2013Legia<\/em> por el extravagante italiano <a href=\"https:\/\/it.wikipedia.org\/wiki\/Ivano_Fanini\" target=\"_blank\" rel=\"noopener\"><strong>Ivano Fanini<\/strong><\/a>Fanini dot\u00f3 al equipo de un marcado car\u00e1cter cristiano-humanista, enfatizando la \u00e9tica, la lucha contra el dopaje y los valores vitales. El nombre del equipo se convirti\u00f3 en un manifiesto: no una marca puramente comercial, sino una misi\u00f3n: &quot;Amore &amp; Vita&quot; simbolizaba la pureza y el respeto por la vida, tanto en la bicicleta como fuera de ella.<\/p>\n<p data-start=\"673\" data-end=\"891\">El equipo sol\u00eda ser un refugio para corredores que hab\u00edan sido descartados en otros equipos o que necesitaban una segunda oportunidad. Pero tambi\u00e9n era un caldo de cultivo para corredores talentosos que se atrev\u00edan a pensar de forma innovadora.<\/p>\n<p data-start=\"893\" data-end=\"1354\">En <strong data-start=\"896\" data-end=\"904\">1993<\/strong> El equipo corri\u00f3 bajo el nombre <strong data-start=\"933\" data-end=\"958\">Amore &amp; Vita-Galatron<\/strong>, de <em data-start=\"964\" data-end=\"974\">Galatr\u00f3n<\/em> (un fabricante italiano de sanitarios) como copatrocinador. Durante ese per\u00edodo, el equipo tuvo un marcado car\u00e1cter internacional, con corredores de Italia, Europa del Este y, en ocasiones, incluso de Estados Unidos o Latinoam\u00e9rica. Compitieron principalmente en carreras europeas m\u00e1s peque\u00f1as y carreras italianas de categor\u00edas inferiores, pero se hicieron populares por su estilo ofensivo y su car\u00e1cter idealista.<\/p>\n<p data-start=\"1356\" data-end=\"1662\">Aunque el equipo no compiti\u00f3 al m\u00e1ximo nivel del ProTour en 1993, era conocido por ser un equipo peculiar y poco convencional. A menudo serv\u00eda de trampol\u00edn para ciclistas que se dirig\u00edan a equipos m\u00e1s grandes, o como refugio para quienes se hab\u00edan visto perjudicados por lesiones, suspensiones o reveses personales.<\/p>\n<p data-start=\"1664\" data-end=\"1968\">La d\u00e9cada de 1990 fue una \u00e9poca dif\u00edcil para el ciclismo debido al auge del dopaje y la presi\u00f3n comercial, pero Amore &amp; Vita se mantuvo fiel a sus valores, a veces a contracorriente, siempre con pasi\u00f3n. El equipo de 1993 no era una m\u00e1quina de ganar, pero s\u00ed encarnaba el esp\u00edritu del ciclismo como arte de vivir.<\/p>","protected":false},"excerpt":{"rendered":"<p>Amore &amp; Vita-Galatron in 1993: Liefde, Leven en Wielrennen De wielerploeg Amore &amp; Vita (Italiaans voor \u201cLiefde en Leven\u201d) ontstond in 1989 uit de overname van de Poolse ploeg Romet\u2013Legia door de flamboyante Italiaan Ivano Fanini. Fanini gaf de ploeg een opvallend christelijk-humanistisch karakter, met nadruk op ethiek, anti-doping en levenswaarden. De ploegnaam werd een [&hellip;]<\/p>\n","protected":false},"featured_media":33338,"template":"","meta":[],"product_brand":[],"product_cat":[151],"product_tag":[],"class_list":{"0":"post-2905","1":"product","2":"type-product","3":"status-publish","4":"has-post-thumbnail","6":"product_cat-pro-team","8":"first","9":"onbackorder","10":"taxable","11":"shipping-taxable","12":"purchasable","13":"product-type-variable"},"yoast_head":"<!-- This site is optimized with the Yoast SEO plugin v27.5 - https:\/\/yoast.com\/product\/yoast-seo-wordpress\/ -->\n<title>AMORE &amp; VITA (c)-GALATRON  1993  WIELERSHIRT - Ton Merckx Wielershirts - Rondreis door de wereld van wielershirts<\/title>\n<meta name=\"robots\" content=\"index, follow, max-snippet:-1, max-image-preview:large, max-video-preview:-1\" \/>\n<link rel=\"canonical\" href=\"https:\/\/ton.connectingminds.net\/es\/maillot-ciclista-retro\/amor-vita-galatron\/\" \/>\n<meta property=\"og:locale\" content=\"es_ES\" \/>\n<meta property=\"og:type\" content=\"article\" \/>\n<meta property=\"og:title\" content=\"AMORE &amp; VITA (c)-GALATRON  1993  WIELERSHIRT - Ton Merckx Wielershirts - Rondreis door de wereld van wielershirts\" \/>\n<meta property=\"og:description\" content=\"Amore &amp; Vita-Galatron in 1993: Liefde, Leven en Wielrennen De wielerploeg Amore &amp; Vita (Italiaans voor \u201cLiefde en Leven\u201d) ontstond in 1989 uit de overname van de Poolse ploeg Romet\u2013Legia door de flamboyante Italiaan Ivano Fanini. Fanini gaf de ploeg een opvallend christelijk-humanistisch karakter, met nadruk op ethiek, anti-doping en levenswaarden. De ploegnaam werd een [&hellip;]\" \/>\n<meta property=\"og:url\" content=\"https:\/\/ton.connectingminds.net\/es\/maillot-ciclista-retro\/amor-vita-galatron\/\" \/>\n<meta property=\"og:site_name\" content=\"Ton Merckx Wielershirts - Rondreis door de wereld van wielershirts\" \/>\n<meta property=\"article:modified_time\" content=\"2026-01-28T11:03:07+00:00\" \/>\n<meta property=\"og:image\" content=\"https:\/\/ton.connectingminds.net\/wp-content\/uploads\/2023\/01\/IMG_3752-scaled.jpg\" \/>\n\t<meta property=\"og:image:width\" content=\"1920\" \/>\n\t<meta property=\"og:image:height\" content=\"2560\" \/>\n\t<meta property=\"og:image:type\" content=\"image\/jpeg\" \/>\n<meta name=\"twitter:card\" content=\"summary_large_image\" \/>\n<meta name=\"twitter:label1\" content=\"Tiempo de lectura\" \/>\n\t<meta name=\"twitter:data1\" content=\"2 minutos\" \/>\n<script type=\"application\/ld+json\" class=\"yoast-schema-graph\">{\"@context\":\"https:\\\/\\\/schema.org\",\"@graph\":[{\"@type\":\"WebPage\",\"@id\":\"https:\\\/\\\/ton.connectingminds.net\\\/en\\\/retro-cycling-jersey\\\/love-vita-galatron\\\/\",\"url\":\"https:\\\/\\\/ton.connectingminds.net\\\/en\\\/retro-cycling-jersey\\\/love-vita-galatron\\\/\",\"name\":\"AMORE &amp; VITA (c)-GALATRON 1993 WIELERSHIRT - Ton Merckx Wielershirts - Rondreis door de wereld van wielershirts\",\"isPartOf\":{\"@id\":\"https:\\\/\\\/www.tonmerckxwielershirts.nl\\\/es\\\/#website\"},\"primaryImageOfPage\":{\"@id\":\"https:\\\/\\\/ton.connectingminds.net\\\/en\\\/retro-cycling-jersey\\\/love-vita-galatron\\\/#primaryimage\"},\"image\":{\"@id\":\"https:\\\/\\\/ton.connectingminds.net\\\/en\\\/retro-cycling-jersey\\\/love-vita-galatron\\\/#primaryimage\"},\"thumbnailUrl\":\"https:\\\/\\\/ton.connectingminds.net\\\/wp-content\\\/uploads\\\/2023\\\/01\\\/IMG_3752-scaled.jpg\",\"datePublished\":\"2023-01-24T17:56:05+00:00\",\"dateModified\":\"2026-01-28T11:03:07+00:00\",\"breadcrumb\":{\"@id\":\"https:\\\/\\\/ton.connectingminds.net\\\/en\\\/retro-cycling-jersey\\\/love-vita-galatron\\\/#breadcrumb\"},\"inLanguage\":\"es\",\"potentialAction\":[{\"@type\":\"ReadAction\",\"target\":[\"https:\\\/\\\/ton.connectingminds.net\\\/en\\\/retro-cycling-jersey\\\/love-vita-galatron\\\/\"]}]},{\"@type\":\"ImageObject\",\"inLanguage\":\"es\",\"@id\":\"https:\\\/\\\/ton.connectingminds.net\\\/en\\\/retro-cycling-jersey\\\/love-vita-galatron\\\/#primaryimage\",\"url\":\"https:\\\/\\\/ton.connectingminds.net\\\/wp-content\\\/uploads\\\/2023\\\/01\\\/IMG_3752-scaled.jpg\",\"contentUrl\":\"https:\\\/\\\/ton.connectingminds.net\\\/wp-content\\\/uploads\\\/2023\\\/01\\\/IMG_3752-scaled.jpg\",\"width\":1920,\"height\":2560,\"caption\":\"AMORE & VITA-GALATRON 1993\"},{\"@type\":\"BreadcrumbList\",\"@id\":\"https:\\\/\\\/ton.connectingminds.net\\\/en\\\/retro-cycling-jersey\\\/love-vita-galatron\\\/#breadcrumb\",\"itemListElement\":[{\"@type\":\"ListItem\",\"position\":1,\"name\":\"Home\",\"item\":\"https:\\\/\\\/www.tonmerckxwielershirts.nl\\\/es\\\/\"},{\"@type\":\"ListItem\",\"position\":2,\"name\":\"Retro wielershirts\",\"item\":\"https:\\\/\\\/www.tonmerckxwielershirts.nl\\\/es\\\/camisetas-de-ciclismo-retro\\\/\"},{\"@type\":\"ListItem\",\"position\":3,\"name\":\"AMORE &amp; VITA (c)-GALATRON 1993 WIELERSHIRT\"}]},{\"@type\":\"WebSite\",\"@id\":\"https:\\\/\\\/www.tonmerckxwielershirts.nl\\\/es\\\/#website\",\"url\":\"https:\\\/\\\/www.tonmerckxwielershirts.nl\\\/es\\\/\",\"name\":\"Ton Merckx Wielershirts - Rondreis door de wereld van wielershirts\",\"description\":\"thousands of original cycling jerseys - order your replica!\",\"publisher\":{\"@id\":\"https:\\\/\\\/www.tonmerckxwielershirts.nl\\\/es\\\/#organization\"},\"potentialAction\":[{\"@type\":\"SearchAction\",\"target\":{\"@type\":\"EntryPoint\",\"urlTemplate\":\"https:\\\/\\\/www.tonmerckxwielershirts.nl\\\/es\\\/?s={search_term_string}\"},\"query-input\":{\"@type\":\"PropertyValueSpecification\",\"valueRequired\":true,\"valueName\":\"search_term_string\"}}],\"inLanguage\":\"es\"},{\"@type\":\"Organization\",\"@id\":\"https:\\\/\\\/www.tonmerckxwielershirts.nl\\\/es\\\/#organization\",\"name\":\"Ton Merckx Wielershirts - Rondreis door de wereld van wielershirts\",\"url\":\"https:\\\/\\\/www.tonmerckxwielershirts.nl\\\/es\\\/\",\"logo\":{\"@type\":\"ImageObject\",\"inLanguage\":\"es\",\"@id\":\"https:\\\/\\\/www.tonmerckxwielershirts.nl\\\/es\\\/#\\\/schema\\\/logo\\\/image\\\/\",\"url\":\"https:\\\/\\\/ton.connectingminds.net\\\/wp-content\\\/uploads\\\/2023\\\/03\\\/ton-merckx-logo.jpg\",\"contentUrl\":\"https:\\\/\\\/ton.connectingminds.net\\\/wp-content\\\/uploads\\\/2023\\\/03\\\/ton-merckx-logo.jpg\",\"width\":391,\"height\":57,\"caption\":\"Ton Merckx Wielershirts - Rondreis door de wereld van wielershirts\"},\"image\":{\"@id\":\"https:\\\/\\\/www.tonmerckxwielershirts.nl\\\/es\\\/#\\\/schema\\\/logo\\\/image\\\/\"}}]}<\/script>\n<!-- \/ Yoast SEO plugin. -->","yoast_head_json":{"title":"CAMISETA DE CICLISMO AMORE &amp; VITA (c)-GALATRON 1993 - Maillots de ciclismo Ton Merckx - Recorrido por el mundo de los maillots de ciclismo","robots":{"index":"index","follow":"follow","max-snippet":"max-snippet:-1","max-image-preview":"max-image-preview:large","max-video-preview":"max-video-preview:-1"},"canonical":"https:\/\/ton.connectingminds.net\/es\/maillot-ciclista-retro\/amor-vita-galatron\/","og_locale":"es_ES","og_type":"article","og_title":"AMORE &amp; VITA (c)-GALATRON  1993  WIELERSHIRT - Ton Merckx Wielershirts - Rondreis door de wereld van wielershirts","og_description":"Amore &amp; Vita-Galatron in 1993: Liefde, Leven en Wielrennen De wielerploeg Amore &amp; Vita (Italiaans voor \u201cLiefde en Leven\u201d) ontstond in 1989 uit de overname van de Poolse ploeg Romet\u2013Legia door de flamboyante Italiaan Ivano Fanini. Fanini gaf de ploeg een opvallend christelijk-humanistisch karakter, met nadruk op ethiek, anti-doping en levenswaarden. De ploegnaam werd een [&hellip;]","og_url":"https:\/\/ton.connectingminds.net\/es\/maillot-ciclista-retro\/amor-vita-galatron\/","og_site_name":"Ton Merckx Wielershirts - Rondreis door de wereld van wielershirts","article_modified_time":"2026-01-28T11:03:07+00:00","og_image":[{"width":1920,"height":2560,"url":"https:\/\/ton.connectingminds.net\/wp-content\/uploads\/2023\/01\/IMG_3752-scaled.jpg","type":"image\/jpeg"}],"twitter_card":"summary_large_image","twitter_misc":{"Tiempo de lectura":"2 minutos"},"schema":{"@context":"https:\/\/schema.org","@graph":[{"@type":"WebPage","@id":"https:\/\/ton.connectingminds.net\/en\/retro-cycling-jersey\/love-vita-galatron\/","url":"https:\/\/ton.connectingminds.net\/en\/retro-cycling-jersey\/love-vita-galatron\/","name":"CAMISETA CICLISMO AMORE &amp; VITA (c)-GALATRON 1993 - Maillots ciclistas Ton Merckx - Recorrido por el mundo del maillot ciclista","isPartOf":{"@id":"https:\/\/www.tonmerckxwielershirts.nl\/es\/#website"},"primaryImageOfPage":{"@id":"https:\/\/ton.connectingminds.net\/en\/retro-cycling-jersey\/love-vita-galatron\/#primaryimage"},"image":{"@id":"https:\/\/ton.connectingminds.net\/en\/retro-cycling-jersey\/love-vita-galatron\/#primaryimage"},"thumbnailUrl":"https:\/\/ton.connectingminds.net\/wp-content\/uploads\/2023\/01\/IMG_3752-scaled.jpg","datePublished":"2023-01-24T17:56:05+00:00","dateModified":"2026-01-28T11:03:07+00:00","breadcrumb":{"@id":"https:\/\/ton.connectingminds.net\/en\/retro-cycling-jersey\/love-vita-galatron\/#breadcrumb"},"inLanguage":"es","potentialAction":[{"@type":"ReadAction","target":["https:\/\/ton.connectingminds.net\/en\/retro-cycling-jersey\/love-vita-galatron\/"]}]},{"@type":"ImageObject","inLanguage":"es","@id":"https:\/\/ton.connectingminds.net\/en\/retro-cycling-jersey\/love-vita-galatron\/#primaryimage","url":"https:\/\/ton.connectingminds.net\/wp-content\/uploads\/2023\/01\/IMG_3752-scaled.jpg","contentUrl":"https:\/\/ton.connectingminds.net\/wp-content\/uploads\/2023\/01\/IMG_3752-scaled.jpg","width":1920,"height":2560,"caption":"AMORE & VITA-GALATRON 1993"},{"@type":"BreadcrumbList","@id":"https:\/\/ton.connectingminds.net\/en\/retro-cycling-jersey\/love-vita-galatron\/#breadcrumb","itemListElement":[{"@type":"ListItem","position":1,"name":"Home","item":"https:\/\/www.tonmerckxwielershirts.nl\/es\/"},{"@type":"ListItem","position":2,"name":"Retro wielershirts","item":"https:\/\/www.tonmerckxwielershirts.nl\/es\/camisetas-de-ciclismo-retro\/"},{"@type":"ListItem","position":3,"name":"AMORE &amp; VITA (c)-GALATRON 1993 WIELERSHIRT"}]},{"@type":"WebSite","@id":"https:\/\/www.tonmerckxwielershirts.nl\/es\/#website","url":"https:\/\/www.tonmerckxwielershirts.nl\/es\/","name":"Camisetas ciclistas Ton Merckx - Recorrido por el mundo de las camisetas ciclistas","description":"miles de maillots ciclistas originales - \u00a1pide tu r\u00e9plica!","publisher":{"@id":"https:\/\/www.tonmerckxwielershirts.nl\/es\/#organization"},"potentialAction":[{"@type":"SearchAction","target":{"@type":"EntryPoint","urlTemplate":"https:\/\/www.tonmerckxwielershirts.nl\/es\/?s={search_term_string}"},"query-input":{"@type":"PropertyValueSpecification","valueRequired":true,"valueName":"search_term_string"}}],"inLanguage":"es"},{"@type":"Organization","@id":"https:\/\/www.tonmerckxwielershirts.nl\/es\/#organization","name":"Camisetas ciclistas Ton Merckx - Recorrido por el mundo de las camisetas ciclistas","url":"https:\/\/www.tonmerckxwielershirts.nl\/es\/","logo":{"@type":"ImageObject","inLanguage":"es","@id":"https:\/\/www.tonmerckxwielershirts.nl\/es\/#\/schema\/logo\/image\/","url":"https:\/\/ton.connectingminds.net\/wp-content\/uploads\/2023\/03\/ton-merckx-logo.jpg","contentUrl":"https:\/\/ton.connectingminds.net\/wp-content\/uploads\/2023\/03\/ton-merckx-logo.jpg","width":391,"height":57,"caption":"Ton Merckx Wielershirts - Rondreis door de wereld van wielershirts"},"image":{"@id":"https:\/\/www.tonmerckxwielershirts.nl\/es\/#\/schema\/logo\/image\/"}}]}},"_links":{"self":[{"href":"https:\/\/ton.connectingminds.net\/es\/wp-json\/wp\/v2\/product\/2905","targetHints":{"allow":["GET"]}}],"collection":[{"href":"https:\/\/ton.connectingminds.net\/es\/wp-json\/wp\/v2\/product"}],"about":[{"href":"https:\/\/ton.connectingminds.net\/es\/wp-json\/wp\/v2\/types\/product"}],"wp:featuredmedia":[{"embeddable":true,"href":"https:\/\/ton.connectingminds.net\/es\/wp-json\/wp\/v2\/media\/33338"}],"wp:attachment":[{"href":"https:\/\/ton.connectingminds.net\/es\/wp-json\/wp\/v2\/media?parent=2905"}],"wp:term":[{"taxonomy":"product_brand","embeddable":true,"href":"https:\/\/ton.connectingminds.net\/es\/wp-json\/wp\/v2\/product_brand?post=2905"},{"taxonomy":"product_cat","embeddable":true,"href":"https:\/\/ton.connectingminds.net\/es\/wp-json\/wp\/v2\/product_cat?post=2905"},{"taxonomy":"product_tag","embeddable":true,"href":"https:\/\/ton.connectingminds.net\/es\/wp-json\/wp\/v2\/product_tag?post=2905"}],"curies":[{"name":"gracias","href":"https:\/\/api.w.org\/{rel}","templated":true}]}}