{"id":4071,"date":"2023-01-24T18:10:14","date_gmt":"2023-01-24T18:10:14","guid":{"rendered":"https:\/\/ton.connectingminds.net\/product\/pjdewit-snacks-koffieshop-frans-vrolijk-gazelle\/"},"modified":"2026-05-13T15:37:47","modified_gmt":"2026-05-13T13:37:47","slug":"cafeteria-de-aperitivos-pjdewit-gacela-feliz-francesa","status":"publish","type":"product","link":"https:\/\/ton.connectingminds.net\/es\/retro-wielershirt\/pjdewit-snacks-koffieshop-frans-vrolijk-gazelle\/","title":{"rendered":"PJ DE WIT SNACKS (b)-COFFEE SHOP FRANS VROLIJK-GAZELLE 1981 JERSEY DE CICLISMO"},"content":{"rendered":"<p>PJ DE WIT SNACKS-CAF\u00c9 FRANS VROLIJK-GAZELLE 1981<\/p>\n<p>En 1981, el ciclista profesional Martin Rietveld corri\u00f3 para PJ DE WIT SNACKS.<\/p>\n<p>Como en la foto anterior del sitio web, con una camisa diferente a la que se muestra aqu\u00ed.<\/p>\n<p>En una publicaci\u00f3n de 1981 en la revista Wielersport (el art\u00edculo que se reproduce a continuaci\u00f3n), Martin Rietveld aparece fotografiado como profesional entre los miembros del equipo amateur PJ De Wit Snacks-Frans Vrolijk vistiendo esta camiseta.<\/p>\n<p><img decoding=\"async\" class=\"attachment-thumbnail size-thumbnail\" src=\"https:\/\/www.tonmerckxwielershirts.nl\/wp-content\/uploads\/2023\/01\/IMG_5060-150x150.jpg\" alt=\"\" width=\"150\" height=\"150\" \/> <img decoding=\"async\" src=\"https:\/\/www.tonmerckxwielershirts.nl\/wp-content\/uploads\/2023\/01\/IMG_5062-150x150.jpg\" \/><\/p>\n<p>&nbsp;<\/p>","protected":false},"excerpt":{"rendered":"<p>P.J. DE WIT SNACKS-KOFFIESHOP FRANS VROLIJK-GAZELLE 1981 In 1981 reed de individueel prof Martin Rietveld voor P.J. DE WIT SNACKS. Zoals op de vorige foto op de website in een ander shirt als het hier getoonde shirt. In een publicatie van het blad Wielersport uit 1981 (het artikel wat hieronder is geplaatst) staat Martin Rietveld [&hellip;]<\/p>\n","protected":false},"featured_media":178981,"template":"","meta":[],"product_brand":[],"product_cat":[151],"product_tag":[],"class_list":{"0":"post-4071","1":"product","2":"type-product","3":"status-publish","4":"has-post-thumbnail","6":"product_cat-pro-team","8":"first","9":"onbackorder","10":"taxable","11":"shipping-taxable","12":"purchasable","13":"product-type-variable"},"yoast_head":"<!-- This site is optimized with the Yoast SEO plugin v27.6 - https:\/\/yoast.com\/product\/yoast-seo-wordpress\/ -->\n<title>P.J. DE WIT SNACKS (b)-KOFFIESHOP FRANS VROLIJK-GAZELLE 1981 WIELERSHIRT - Ton Merckx Wielershirts - Rondreis door de wereld van wielershirts<\/title>\n<meta name=\"robots\" content=\"index, follow, max-snippet:-1, max-image-preview:large, max-video-preview:-1\" \/>\n<link rel=\"canonical\" href=\"https:\/\/ton.connectingminds.net\/es\/maillot-ciclista-retro\/cafeteria-de-aperitivos-pjdewit-gacela-feliz-francesa\/\" \/>\n<meta property=\"og:locale\" content=\"es_ES\" \/>\n<meta property=\"og:type\" content=\"article\" \/>\n<meta property=\"og:title\" content=\"P.J. DE WIT SNACKS (b)-KOFFIESHOP FRANS VROLIJK-GAZELLE 1981 WIELERSHIRT - Ton Merckx Wielershirts - Rondreis door de wereld van wielershirts\" \/>\n<meta property=\"og:description\" content=\"P.J. DE WIT SNACKS-KOFFIESHOP FRANS VROLIJK-GAZELLE 1981 In 1981 reed de individueel prof Martin Rietveld voor P.J. DE WIT SNACKS. Zoals op de vorige foto op de website in een ander shirt als het hier getoonde shirt. In een publicatie van het blad Wielersport uit 1981 (het artikel wat hieronder is geplaatst) staat Martin Rietveld [&hellip;]\" \/>\n<meta property=\"og:url\" content=\"https:\/\/ton.connectingminds.net\/es\/maillot-ciclista-retro\/cafeteria-de-aperitivos-pjdewit-gacela-feliz-francesa\/\" \/>\n<meta property=\"og:site_name\" content=\"Ton Merckx Wielershirts - Rondreis door de wereld van wielershirts\" \/>\n<meta property=\"article:modified_time\" content=\"2026-05-13T13:37:47+00:00\" \/>\n<meta property=\"og:image\" content=\"https:\/\/ton.connectingminds.net\/wp-content\/uploads\/2023\/01\/IMG_20260510_080831-scaled.jpg\" \/>\n\t<meta property=\"og:image:width\" content=\"1920\" \/>\n\t<meta property=\"og:image:height\" content=\"2560\" \/>\n\t<meta property=\"og:image:type\" content=\"image\/jpeg\" \/>\n<meta name=\"twitter:card\" content=\"summary_large_image\" \/>\n<meta name=\"twitter:label1\" content=\"Tiempo de lectura\" \/>\n\t<meta name=\"twitter:data1\" content=\"1 minuto\" \/>\n<script type=\"application\/ld+json\" class=\"yoast-schema-graph\">{\"@context\":\"https:\\\/\\\/schema.org\",\"@graph\":[{\"@type\":\"WebPage\",\"@id\":\"https:\\\/\\\/ton.connectingminds.net\\\/es\\\/maillot-ciclista-retro\\\/cafeteria-de-aperitivos-pjdewit-gacela-feliz-francesa\\\/\",\"url\":\"https:\\\/\\\/ton.connectingminds.net\\\/es\\\/maillot-ciclista-retro\\\/cafeteria-de-aperitivos-pjdewit-gacela-feliz-francesa\\\/\",\"name\":\"P.J. DE WIT SNACKS (b)-KOFFIESHOP FRANS VROLIJK-GAZELLE 1981 WIELERSHIRT - Ton Merckx Wielershirts - Rondreis door de wereld van wielershirts\",\"isPartOf\":{\"@id\":\"https:\\\/\\\/vintagecycling.store\\\/de\\\/#website\"},\"primaryImageOfPage\":{\"@id\":\"https:\\\/\\\/ton.connectingminds.net\\\/es\\\/maillot-ciclista-retro\\\/cafeteria-de-aperitivos-pjdewit-gacela-feliz-francesa\\\/#primaryimage\"},\"image\":{\"@id\":\"https:\\\/\\\/ton.connectingminds.net\\\/es\\\/maillot-ciclista-retro\\\/cafeteria-de-aperitivos-pjdewit-gacela-feliz-francesa\\\/#primaryimage\"},\"thumbnailUrl\":\"https:\\\/\\\/ton.connectingminds.net\\\/wp-content\\\/uploads\\\/2023\\\/01\\\/IMG_20260510_080831-scaled.jpg\",\"datePublished\":\"2023-01-24T18:10:14+00:00\",\"dateModified\":\"2026-05-13T13:37:47+00:00\",\"breadcrumb\":{\"@id\":\"https:\\\/\\\/ton.connectingminds.net\\\/es\\\/maillot-ciclista-retro\\\/cafeteria-de-aperitivos-pjdewit-gacela-feliz-francesa\\\/#breadcrumb\"},\"inLanguage\":\"es\",\"potentialAction\":[{\"@type\":\"ReadAction\",\"target\":[\"https:\\\/\\\/ton.connectingminds.net\\\/es\\\/maillot-ciclista-retro\\\/cafeteria-de-aperitivos-pjdewit-gacela-feliz-francesa\\\/\"]}]},{\"@type\":\"ImageObject\",\"inLanguage\":\"es\",\"@id\":\"https:\\\/\\\/ton.connectingminds.net\\\/es\\\/maillot-ciclista-retro\\\/cafeteria-de-aperitivos-pjdewit-gacela-feliz-francesa\\\/#primaryimage\",\"url\":\"https:\\\/\\\/ton.connectingminds.net\\\/wp-content\\\/uploads\\\/2023\\\/01\\\/IMG_20260510_080831-scaled.jpg\",\"contentUrl\":\"https:\\\/\\\/ton.connectingminds.net\\\/wp-content\\\/uploads\\\/2023\\\/01\\\/IMG_20260510_080831-scaled.jpg\",\"width\":1920,\"height\":2560,\"caption\":\"P.J. DE WIT SNACKS-KOFFIESHOP FRANS VROLIJK-GAZELLE 1981\"},{\"@type\":\"BreadcrumbList\",\"@id\":\"https:\\\/\\\/ton.connectingminds.net\\\/es\\\/maillot-ciclista-retro\\\/cafeteria-de-aperitivos-pjdewit-gacela-feliz-francesa\\\/#breadcrumb\",\"itemListElement\":[{\"@type\":\"ListItem\",\"position\":1,\"name\":\"Home\",\"item\":\"https:\\\/\\\/vintagecycling.store\\\/de\\\/\"},{\"@type\":\"ListItem\",\"position\":2,\"name\":\"Retro wielershirts\",\"item\":\"https:\\\/\\\/vintagecycling.store\\\/de\\\/retro-radtrikots\\\/\"},{\"@type\":\"ListItem\",\"position\":3,\"name\":\"P.J. DE WIT SNACKS (b)-KOFFIESHOP FRANS VROLIJK-GAZELLE 1981 WIELERSHIRT\"}]},{\"@type\":\"WebSite\",\"@id\":\"https:\\\/\\\/vintagecycling.store\\\/de\\\/#website\",\"url\":\"https:\\\/\\\/vintagecycling.store\\\/de\\\/\",\"name\":\"Ton Merckx Wielershirts - Rondreis door de wereld van wielershirts\",\"description\":\"thousands of original cycling jerseys - order your replica!\",\"publisher\":{\"@id\":\"https:\\\/\\\/vintagecycling.store\\\/de\\\/#organization\"},\"potentialAction\":[{\"@type\":\"SearchAction\",\"target\":{\"@type\":\"EntryPoint\",\"urlTemplate\":\"https:\\\/\\\/vintagecycling.store\\\/de\\\/?s={search_term_string}\"},\"query-input\":{\"@type\":\"PropertyValueSpecification\",\"valueRequired\":true,\"valueName\":\"search_term_string\"}}],\"inLanguage\":\"es\"},{\"@type\":\"Organization\",\"@id\":\"https:\\\/\\\/vintagecycling.store\\\/de\\\/#organization\",\"name\":\"Ton Merckx Wielershirts - Rondreis door de wereld van wielershirts\",\"url\":\"https:\\\/\\\/vintagecycling.store\\\/de\\\/\",\"logo\":{\"@type\":\"ImageObject\",\"inLanguage\":\"es\",\"@id\":\"https:\\\/\\\/vintagecycling.store\\\/de\\\/#\\\/schema\\\/logo\\\/image\\\/\",\"url\":\"https:\\\/\\\/ton.connectingminds.net\\\/wp-content\\\/uploads\\\/2023\\\/03\\\/ton-merckx-logo.jpg\",\"contentUrl\":\"https:\\\/\\\/ton.connectingminds.net\\\/wp-content\\\/uploads\\\/2023\\\/03\\\/ton-merckx-logo.jpg\",\"width\":391,\"height\":57,\"caption\":\"Ton Merckx Wielershirts - Rondreis door de wereld van wielershirts\"},\"image\":{\"@id\":\"https:\\\/\\\/vintagecycling.store\\\/de\\\/#\\\/schema\\\/logo\\\/image\\\/\"}}]}<\/script>\n<!-- \/ Yoast SEO plugin. -->","yoast_head_json":{"title":"PJ DE WIT SNACKS (b)-CAFETER\u00cdA FRANS VROLIJK-GAZELLE 1981 MAILLOT DE CICLISMO - Ton Merckx Maillots de ciclismo - Un viaje por el mundo de los maillots de ciclismo","robots":{"index":"index","follow":"follow","max-snippet":"max-snippet:-1","max-image-preview":"max-image-preview:large","max-video-preview":"max-video-preview:-1"},"canonical":"https:\/\/ton.connectingminds.net\/es\/maillot-ciclista-retro\/cafeteria-de-aperitivos-pjdewit-gacela-feliz-francesa\/","og_locale":"es_ES","og_type":"article","og_title":"P.J. DE WIT SNACKS (b)-KOFFIESHOP FRANS VROLIJK-GAZELLE 1981 WIELERSHIRT - Ton Merckx Wielershirts - Rondreis door de wereld van wielershirts","og_description":"P.J. DE WIT SNACKS-KOFFIESHOP FRANS VROLIJK-GAZELLE 1981 In 1981 reed de individueel prof Martin Rietveld voor P.J. DE WIT SNACKS. Zoals op de vorige foto op de website in een ander shirt als het hier getoonde shirt. In een publicatie van het blad Wielersport uit 1981 (het artikel wat hieronder is geplaatst) staat Martin Rietveld [&hellip;]","og_url":"https:\/\/ton.connectingminds.net\/es\/maillot-ciclista-retro\/cafeteria-de-aperitivos-pjdewit-gacela-feliz-francesa\/","og_site_name":"Ton Merckx Wielershirts - Rondreis door de wereld van wielershirts","article_modified_time":"2026-05-13T13:37:47+00:00","og_image":[{"width":1920,"height":2560,"url":"https:\/\/ton.connectingminds.net\/wp-content\/uploads\/2023\/01\/IMG_20260510_080831-scaled.jpg","type":"image\/jpeg"}],"twitter_card":"summary_large_image","twitter_misc":{"Tiempo de lectura":"1 minuto"},"schema":{"@context":"https:\/\/schema.org","@graph":[{"@type":"WebPage","@id":"https:\/\/ton.connectingminds.net\/es\/maillot-ciclista-retro\/cafeteria-de-aperitivos-pjdewit-gacela-feliz-francesa\/","url":"https:\/\/ton.connectingminds.net\/es\/maillot-ciclista-retro\/cafeteria-de-aperitivos-pjdewit-gacela-feliz-francesa\/","name":"PJ DE WIT SNACKS (b)-CAFETER\u00cdA FRANS VROLIJK-GAZELLE 1981 MAILLOT DE CICLISMO - Ton Merckx Maillots de ciclismo - Un viaje por el mundo de los maillots de ciclismo","isPartOf":{"@id":"https:\/\/vintagecycling.store\/de\/#website"},"primaryImageOfPage":{"@id":"https:\/\/ton.connectingminds.net\/es\/maillot-ciclista-retro\/cafeteria-de-aperitivos-pjdewit-gacela-feliz-francesa\/#primaryimage"},"image":{"@id":"https:\/\/ton.connectingminds.net\/es\/maillot-ciclista-retro\/cafeteria-de-aperitivos-pjdewit-gacela-feliz-francesa\/#primaryimage"},"thumbnailUrl":"https:\/\/ton.connectingminds.net\/wp-content\/uploads\/2023\/01\/IMG_20260510_080831-scaled.jpg","datePublished":"2023-01-24T18:10:14+00:00","dateModified":"2026-05-13T13:37:47+00:00","breadcrumb":{"@id":"https:\/\/ton.connectingminds.net\/es\/maillot-ciclista-retro\/cafeteria-de-aperitivos-pjdewit-gacela-feliz-francesa\/#breadcrumb"},"inLanguage":"es","potentialAction":[{"@type":"ReadAction","target":["https:\/\/ton.connectingminds.net\/es\/maillot-ciclista-retro\/cafeteria-de-aperitivos-pjdewit-gacela-feliz-francesa\/"]}]},{"@type":"ImageObject","inLanguage":"es","@id":"https:\/\/ton.connectingminds.net\/es\/maillot-ciclista-retro\/cafeteria-de-aperitivos-pjdewit-gacela-feliz-francesa\/#primaryimage","url":"https:\/\/ton.connectingminds.net\/wp-content\/uploads\/2023\/01\/IMG_20260510_080831-scaled.jpg","contentUrl":"https:\/\/ton.connectingminds.net\/wp-content\/uploads\/2023\/01\/IMG_20260510_080831-scaled.jpg","width":1920,"height":2560,"caption":"P.J. DE WIT SNACKS-KOFFIESHOP FRANS VROLIJK-GAZELLE 1981"},{"@type":"BreadcrumbList","@id":"https:\/\/ton.connectingminds.net\/es\/maillot-ciclista-retro\/cafeteria-de-aperitivos-pjdewit-gacela-feliz-francesa\/#breadcrumb","itemListElement":[{"@type":"ListItem","position":1,"name":"Home","item":"https:\/\/vintagecycling.store\/de\/"},{"@type":"ListItem","position":2,"name":"Retro wielershirts","item":"https:\/\/vintagecycling.store\/de\/retro-radtrikots\/"},{"@type":"ListItem","position":3,"name":"P.J. DE WIT SNACKS (b)-KOFFIESHOP FRANS VROLIJK-GAZELLE 1981 WIELERSHIRT"}]},{"@type":"WebSite","@id":"https:\/\/vintagecycling.store\/de\/#website","url":"https:\/\/vintagecycling.store\/de\/","name":"Camisetas ciclistas Ton Merckx - Recorrido por el mundo de las camisetas ciclistas","description":"miles de maillots ciclistas originales - \u00a1pide tu r\u00e9plica!","publisher":{"@id":"https:\/\/vintagecycling.store\/de\/#organization"},"potentialAction":[{"@type":"SearchAction","target":{"@type":"EntryPoint","urlTemplate":"https:\/\/vintagecycling.store\/de\/?s={search_term_string}"},"query-input":{"@type":"PropertyValueSpecification","valueRequired":true,"valueName":"search_term_string"}}],"inLanguage":"es"},{"@type":"Organization","@id":"https:\/\/vintagecycling.store\/de\/#organization","name":"Camisetas ciclistas Ton Merckx - Recorrido por el mundo de las camisetas ciclistas","url":"https:\/\/vintagecycling.store\/de\/","logo":{"@type":"ImageObject","inLanguage":"es","@id":"https:\/\/vintagecycling.store\/de\/#\/schema\/logo\/image\/","url":"https:\/\/ton.connectingminds.net\/wp-content\/uploads\/2023\/03\/ton-merckx-logo.jpg","contentUrl":"https:\/\/ton.connectingminds.net\/wp-content\/uploads\/2023\/03\/ton-merckx-logo.jpg","width":391,"height":57,"caption":"Ton Merckx Wielershirts - Rondreis door de wereld van wielershirts"},"image":{"@id":"https:\/\/vintagecycling.store\/de\/#\/schema\/logo\/image\/"}}]}},"_links":{"self":[{"href":"https:\/\/ton.connectingminds.net\/es\/wp-json\/wp\/v2\/product\/4071","targetHints":{"allow":["GET"]}}],"collection":[{"href":"https:\/\/ton.connectingminds.net\/es\/wp-json\/wp\/v2\/product"}],"about":[{"href":"https:\/\/ton.connectingminds.net\/es\/wp-json\/wp\/v2\/types\/product"}],"wp:featuredmedia":[{"embeddable":true,"href":"https:\/\/ton.connectingminds.net\/es\/wp-json\/wp\/v2\/media\/178981"}],"wp:attachment":[{"href":"https:\/\/ton.connectingminds.net\/es\/wp-json\/wp\/v2\/media?parent=4071"}],"wp:term":[{"taxonomy":"product_brand","embeddable":true,"href":"https:\/\/ton.connectingminds.net\/es\/wp-json\/wp\/v2\/product_brand?post=4071"},{"taxonomy":"product_cat","embeddable":true,"href":"https:\/\/ton.connectingminds.net\/es\/wp-json\/wp\/v2\/product_cat?post=4071"},{"taxonomy":"product_tag","embeddable":true,"href":"https:\/\/ton.connectingminds.net\/es\/wp-json\/wp\/v2\/product_tag?post=4071"}],"curies":[{"name":"gracias","href":"https:\/\/api.w.org\/{rel}","templated":true}]}}