{"id":3307,"date":"2023-01-24T18:01:08","date_gmt":"2023-01-24T18:01:08","guid":{"rendered":"https:\/\/ton.connectingminds.net\/product\/nationale-ploeg-wk-bergen-noo\/"},"modified":"2026-01-28T12:02:43","modified_gmt":"2026-01-28T11:02:43","slug":"equipe-nationale-semaine-bergen-noo","status":"publish","type":"product","link":"https:\/\/ton.connectingminds.net\/fr\/retro-wielershirt\/nationale-ploeg-wk-bergen-noo\/","title":{"rendered":"LETTONIE (b) MAILLOT DE CYCLISME DE L&#039;\u00c9QUIPE NATIONALE 2017"},"content":{"rendered":"<p>Maillot de l&#039;\u00e9quipe nationale de Lettonie de la Coupe du monde 2017 \u00e0 Bergen (Norv\u00e8ge).<\/p>","protected":false},"excerpt":{"rendered":"<p>Maillot de l&#039;\u00e9quipe nationale de Lettonie de la Coupe du monde 2017 \u00e0 Bergen (Norv\u00e8ge).<\/p>","protected":false},"featured_media":3306,"template":"","meta":[],"product_brand":[],"product_cat":[1372],"product_tag":[],"class_list":{"0":"post-3307","1":"product","2":"type-product","3":"status-publish","4":"has-post-thumbnail","6":"product_cat-nationale-teams","8":"first","9":"outofstock","10":"taxable","11":"shipping-taxable","12":"purchasable","13":"product-type-variable"},"yoast_head":"<!-- This site is optimized with the Yoast SEO plugin v27.3 - https:\/\/yoast.com\/product\/yoast-seo-wordpress\/ -->\n<title>LETLAND (b) NATIONALE PLOEG 2017   WIELERSHIRT - Ton Merckx Wielershirts - Rondreis door de wereld van wielershirts<\/title>\n<meta name=\"robots\" content=\"index, follow, max-snippet:-1, max-image-preview:large, max-video-preview:-1\" \/>\n<link rel=\"canonical\" href=\"https:\/\/ton.connectingminds.net\/fr\/maillot-de-cyclisme-retro\/equipe-nationale-semaine-bergen-noo\/\" \/>\n<meta property=\"og:locale\" content=\"fr_FR\" \/>\n<meta property=\"og:type\" content=\"article\" \/>\n<meta property=\"og:title\" content=\"LETLAND (b) NATIONALE PLOEG 2017   WIELERSHIRT - Ton Merckx Wielershirts - Rondreis door de wereld van wielershirts\" \/>\n<meta property=\"og:description\" content=\"Shirt van de Nationale ploeg van Letland uit het WK in Bergen (Noorwegen) 2017\" \/>\n<meta property=\"og:url\" content=\"https:\/\/ton.connectingminds.net\/fr\/maillot-de-cyclisme-retro\/equipe-nationale-semaine-bergen-noo\/\" \/>\n<meta property=\"og:site_name\" content=\"Ton Merckx Wielershirts - Rondreis door de wereld van wielershirts\" \/>\n<meta property=\"article:modified_time\" content=\"2026-01-28T11:02:43+00:00\" \/>\n<meta property=\"og:image\" content=\"https:\/\/ton.connectingminds.net\/wp-content\/uploads\/2023\/01\/SSA45671-rotated.jpg\" \/>\n\t<meta property=\"og:image:width\" content=\"1704\" \/>\n\t<meta property=\"og:image:height\" content=\"2272\" \/>\n\t<meta property=\"og:image:type\" content=\"image\/jpeg\" \/>\n<meta name=\"twitter:card\" content=\"summary_large_image\" \/>\n<meta name=\"twitter:label1\" content=\"Dur\u00e9e de lecture estim\u00e9e\" \/>\n\t<meta name=\"twitter:data1\" content=\"1 minute\" \/>\n<script type=\"application\/ld+json\" class=\"yoast-schema-graph\">{\"@context\":\"https:\\\/\\\/schema.org\",\"@graph\":[{\"@type\":\"WebPage\",\"@id\":\"https:\\\/\\\/ton.connectingminds.net\\\/retro-wielershirt\\\/nationale-ploeg-wk-bergen-noo\\\/\",\"url\":\"https:\\\/\\\/ton.connectingminds.net\\\/retro-wielershirt\\\/nationale-ploeg-wk-bergen-noo\\\/\",\"name\":\"LETLAND (b) NATIONALE PLOEG 2017 WIELERSHIRT - Ton Merckx Wielershirts - Rondreis door de wereld van wielershirts\",\"isPartOf\":{\"@id\":\"https:\\\/\\\/tonmerckxwielershirts.nl\\\/es\\\/#website\"},\"primaryImageOfPage\":{\"@id\":\"https:\\\/\\\/ton.connectingminds.net\\\/retro-wielershirt\\\/nationale-ploeg-wk-bergen-noo\\\/#primaryimage\"},\"image\":{\"@id\":\"https:\\\/\\\/ton.connectingminds.net\\\/retro-wielershirt\\\/nationale-ploeg-wk-bergen-noo\\\/#primaryimage\"},\"thumbnailUrl\":\"https:\\\/\\\/ton.connectingminds.net\\\/wp-content\\\/uploads\\\/2023\\\/01\\\/SSA45671-rotated.jpg\",\"datePublished\":\"2023-01-24T18:01:08+00:00\",\"dateModified\":\"2026-01-28T11:02:43+00:00\",\"breadcrumb\":{\"@id\":\"https:\\\/\\\/ton.connectingminds.net\\\/retro-wielershirt\\\/nationale-ploeg-wk-bergen-noo\\\/#breadcrumb\"},\"inLanguage\":\"fr-FR\",\"potentialAction\":[{\"@type\":\"ReadAction\",\"target\":[\"https:\\\/\\\/ton.connectingminds.net\\\/retro-wielershirt\\\/nationale-ploeg-wk-bergen-noo\\\/\"]}]},{\"@type\":\"ImageObject\",\"inLanguage\":\"fr-FR\",\"@id\":\"https:\\\/\\\/ton.connectingminds.net\\\/retro-wielershirt\\\/nationale-ploeg-wk-bergen-noo\\\/#primaryimage\",\"url\":\"https:\\\/\\\/ton.connectingminds.net\\\/wp-content\\\/uploads\\\/2023\\\/01\\\/SSA45671-rotated.jpg\",\"contentUrl\":\"https:\\\/\\\/ton.connectingminds.net\\\/wp-content\\\/uploads\\\/2023\\\/01\\\/SSA45671-rotated.jpg\",\"width\":1704,\"height\":2272},{\"@type\":\"BreadcrumbList\",\"@id\":\"https:\\\/\\\/ton.connectingminds.net\\\/retro-wielershirt\\\/nationale-ploeg-wk-bergen-noo\\\/#breadcrumb\",\"itemListElement\":[{\"@type\":\"ListItem\",\"position\":1,\"name\":\"Home\",\"item\":\"https:\\\/\\\/tonmerckxwielershirts.nl\\\/es\\\/\"},{\"@type\":\"ListItem\",\"position\":2,\"name\":\"Retro wielershirts\",\"item\":\"https:\\\/\\\/tonmerckxwielershirts.nl\\\/es\\\/camisetas-de-ciclismo-retro\\\/\"},{\"@type\":\"ListItem\",\"position\":3,\"name\":\"LETLAND (b) NATIONALE PLOEG 2017 WIELERSHIRT\"}]},{\"@type\":\"WebSite\",\"@id\":\"https:\\\/\\\/tonmerckxwielershirts.nl\\\/es\\\/#website\",\"url\":\"https:\\\/\\\/tonmerckxwielershirts.nl\\\/es\\\/\",\"name\":\"Ton Merckx Wielershirts - Rondreis door de wereld van wielershirts\",\"description\":\"thousands of original cycling jerseys - order your replica!\",\"publisher\":{\"@id\":\"https:\\\/\\\/tonmerckxwielershirts.nl\\\/es\\\/#organization\"},\"potentialAction\":[{\"@type\":\"SearchAction\",\"target\":{\"@type\":\"EntryPoint\",\"urlTemplate\":\"https:\\\/\\\/tonmerckxwielershirts.nl\\\/es\\\/?s={search_term_string}\"},\"query-input\":{\"@type\":\"PropertyValueSpecification\",\"valueRequired\":true,\"valueName\":\"search_term_string\"}}],\"inLanguage\":\"fr-FR\"},{\"@type\":\"Organization\",\"@id\":\"https:\\\/\\\/tonmerckxwielershirts.nl\\\/es\\\/#organization\",\"name\":\"Ton Merckx Wielershirts - Rondreis door de wereld van wielershirts\",\"url\":\"https:\\\/\\\/tonmerckxwielershirts.nl\\\/es\\\/\",\"logo\":{\"@type\":\"ImageObject\",\"inLanguage\":\"fr-FR\",\"@id\":\"https:\\\/\\\/tonmerckxwielershirts.nl\\\/es\\\/#\\\/schema\\\/logo\\\/image\\\/\",\"url\":\"https:\\\/\\\/ton.connectingminds.net\\\/wp-content\\\/uploads\\\/2023\\\/03\\\/ton-merckx-logo.jpg\",\"contentUrl\":\"https:\\\/\\\/ton.connectingminds.net\\\/wp-content\\\/uploads\\\/2023\\\/03\\\/ton-merckx-logo.jpg\",\"width\":391,\"height\":57,\"caption\":\"Ton Merckx Wielershirts - Rondreis door de wereld van wielershirts\"},\"image\":{\"@id\":\"https:\\\/\\\/tonmerckxwielershirts.nl\\\/es\\\/#\\\/schema\\\/logo\\\/image\\\/\"}}]}<\/script>\n<!-- \/ Yoast SEO plugin. -->","yoast_head_json":{"title":"LETTONIE (b) MAILLOT DE CYCLISME \u00c9QUIPE NATIONALE 2017 - Maillots de cyclisme Ton Merckx - Tour \u00e0 travers le monde des maillots de cyclisme","robots":{"index":"index","follow":"follow","max-snippet":"max-snippet:-1","max-image-preview":"max-image-preview:large","max-video-preview":"max-video-preview:-1"},"canonical":"https:\/\/ton.connectingminds.net\/fr\/maillot-de-cyclisme-retro\/equipe-nationale-semaine-bergen-noo\/","og_locale":"fr_FR","og_type":"article","og_title":"LETLAND (b) NATIONALE PLOEG 2017   WIELERSHIRT - Ton Merckx Wielershirts - Rondreis door de wereld van wielershirts","og_description":"Shirt van de Nationale ploeg van Letland uit het WK in Bergen (Noorwegen) 2017","og_url":"https:\/\/ton.connectingminds.net\/fr\/maillot-de-cyclisme-retro\/equipe-nationale-semaine-bergen-noo\/","og_site_name":"Ton Merckx Wielershirts - Rondreis door de wereld van wielershirts","article_modified_time":"2026-01-28T11:02:43+00:00","og_image":[{"width":1704,"height":2272,"url":"https:\/\/ton.connectingminds.net\/wp-content\/uploads\/2023\/01\/SSA45671-rotated.jpg","type":"image\/jpeg"}],"twitter_card":"summary_large_image","twitter_misc":{"Dur\u00e9e de lecture estim\u00e9e":"1 minute"},"schema":{"@context":"https:\/\/schema.org","@graph":[{"@type":"WebPage","@id":"https:\/\/ton.connectingminds.net\/retro-wielershirt\/nationale-ploeg-wk-bergen-noo\/","url":"https:\/\/ton.connectingminds.net\/retro-wielershirt\/nationale-ploeg-wk-bergen-noo\/","name":"LETTONIE (b) MAILLOT DE CYCLISME \u00c9QUIPE NATIONALE 2017 - Maillots de cyclisme Ton Merckx - Tour \u00e0 travers le monde des maillots de cyclisme","isPartOf":{"@id":"https:\/\/tonmerckxwielershirts.nl\/es\/#website"},"primaryImageOfPage":{"@id":"https:\/\/ton.connectingminds.net\/retro-wielershirt\/nationale-ploeg-wk-bergen-noo\/#primaryimage"},"image":{"@id":"https:\/\/ton.connectingminds.net\/retro-wielershirt\/nationale-ploeg-wk-bergen-noo\/#primaryimage"},"thumbnailUrl":"https:\/\/ton.connectingminds.net\/wp-content\/uploads\/2023\/01\/SSA45671-rotated.jpg","datePublished":"2023-01-24T18:01:08+00:00","dateModified":"2026-01-28T11:02:43+00:00","breadcrumb":{"@id":"https:\/\/ton.connectingminds.net\/retro-wielershirt\/nationale-ploeg-wk-bergen-noo\/#breadcrumb"},"inLanguage":"fr-FR","potentialAction":[{"@type":"ReadAction","target":["https:\/\/ton.connectingminds.net\/retro-wielershirt\/nationale-ploeg-wk-bergen-noo\/"]}]},{"@type":"ImageObject","inLanguage":"fr-FR","@id":"https:\/\/ton.connectingminds.net\/retro-wielershirt\/nationale-ploeg-wk-bergen-noo\/#primaryimage","url":"https:\/\/ton.connectingminds.net\/wp-content\/uploads\/2023\/01\/SSA45671-rotated.jpg","contentUrl":"https:\/\/ton.connectingminds.net\/wp-content\/uploads\/2023\/01\/SSA45671-rotated.jpg","width":1704,"height":2272},{"@type":"BreadcrumbList","@id":"https:\/\/ton.connectingminds.net\/retro-wielershirt\/nationale-ploeg-wk-bergen-noo\/#breadcrumb","itemListElement":[{"@type":"ListItem","position":1,"name":"Home","item":"https:\/\/tonmerckxwielershirts.nl\/es\/"},{"@type":"ListItem","position":2,"name":"Retro wielershirts","item":"https:\/\/tonmerckxwielershirts.nl\/es\/camisetas-de-ciclismo-retro\/"},{"@type":"ListItem","position":3,"name":"LETLAND (b) NATIONALE PLOEG 2017 WIELERSHIRT"}]},{"@type":"WebSite","@id":"https:\/\/tonmerckxwielershirts.nl\/es\/#website","url":"https:\/\/tonmerckxwielershirts.nl\/es\/","name":"Chemises de cyclisme Ton Merckx - Tour \u00e0 travers le monde des chemises de cyclisme","description":"des milliers de maillots de cyclisme originaux - commandez votre r\u00e9plique !","publisher":{"@id":"https:\/\/tonmerckxwielershirts.nl\/es\/#organization"},"potentialAction":[{"@type":"SearchAction","target":{"@type":"EntryPoint","urlTemplate":"https:\/\/tonmerckxwielershirts.nl\/es\/?s={search_term_string}"},"query-input":{"@type":"PropertyValueSpecification","valueRequired":true,"valueName":"search_term_string"}}],"inLanguage":"fr-FR"},{"@type":"Organization","@id":"https:\/\/tonmerckxwielershirts.nl\/es\/#organization","name":"Chemises de cyclisme Ton Merckx - Tour \u00e0 travers le monde des chemises de cyclisme","url":"https:\/\/tonmerckxwielershirts.nl\/es\/","logo":{"@type":"ImageObject","inLanguage":"fr-FR","@id":"https:\/\/tonmerckxwielershirts.nl\/es\/#\/schema\/logo\/image\/","url":"https:\/\/ton.connectingminds.net\/wp-content\/uploads\/2023\/03\/ton-merckx-logo.jpg","contentUrl":"https:\/\/ton.connectingminds.net\/wp-content\/uploads\/2023\/03\/ton-merckx-logo.jpg","width":391,"height":57,"caption":"Ton Merckx Wielershirts - Rondreis door de wereld van wielershirts"},"image":{"@id":"https:\/\/tonmerckxwielershirts.nl\/es\/#\/schema\/logo\/image\/"}}]}},"_links":{"self":[{"href":"https:\/\/ton.connectingminds.net\/fr\/wp-json\/wp\/v2\/product\/3307","targetHints":{"allow":["GET"]}}],"collection":[{"href":"https:\/\/ton.connectingminds.net\/fr\/wp-json\/wp\/v2\/product"}],"about":[{"href":"https:\/\/ton.connectingminds.net\/fr\/wp-json\/wp\/v2\/types\/product"}],"wp:featuredmedia":[{"embeddable":true,"href":"https:\/\/ton.connectingminds.net\/fr\/wp-json\/wp\/v2\/media\/3306"}],"wp:attachment":[{"href":"https:\/\/ton.connectingminds.net\/fr\/wp-json\/wp\/v2\/media?parent=3307"}],"wp:term":[{"taxonomy":"product_brand","embeddable":true,"href":"https:\/\/ton.connectingminds.net\/fr\/wp-json\/wp\/v2\/product_brand?post=3307"},{"taxonomy":"product_cat","embeddable":true,"href":"https:\/\/ton.connectingminds.net\/fr\/wp-json\/wp\/v2\/product_cat?post=3307"},{"taxonomy":"product_tag","embeddable":true,"href":"https:\/\/ton.connectingminds.net\/fr\/wp-json\/wp\/v2\/product_tag?post=3307"}],"curies":[{"name":"wp","href":"https:\/\/api.w.org\/{rel}","templated":true}]}}